{"id":372717,"date":"2024-12-05T16:01:12","date_gmt":"2024-12-05T16:01:12","guid":{"rendered":"https:\/\/irankiuzona.lt\/product\/indikatorius-su-magnetiniu-laikikliu-antgaliais-plastikineje-dezuteje\/"},"modified":"2026-05-16T22:23:32","modified_gmt":"2026-05-16T22:23:32","slug":"indikatorius-su-magnetiniu-laikikliu-antgaliais-plastikineje-dezuteje","status":"publish","type":"product","link":"https:\/\/irankiuzona.lt\/ru\/product\/indikatorius-su-magnetiniu-laikikliu-antgaliais-plastikineje-dezuteje\/","title":{"rendered":"Indikatorius su magnetiniu laikikliu + antgaliais, plastikin\u0117je d\u0117\u017eut\u0117je"},"content":{"rendered":"<p>Matavimo diapazonas: 0-10 mmTikslumas 0,01 mmKai\u0161tis: 8mmSvoris 1,8 kgAntgaliai naudojami matavimams tose vietose, kur tradicinis vertikalus matuoklis neturi prieigos. Rinkin\u012f sudaro 22 antgaliai:> 8 lyg\u016bs (skirtingo ilgio)> 5 suapvalinti> 4 k\u016bginiai> 3 adatos (tiesios)> 1 adata (sulenkta) > 1 su kamuoliuku<\/p>","protected":false},"excerpt":{"rendered":"<p>KD11291 Indikatoriaus laikiklis magnetinis + indikatorius + adapteriai\/prailgintojai<\/p>","protected":false},"featured_media":372719,"comment_status":"open","ping_status":"open","template":"","meta":[],"product_cat":[9550],"product_tag":[10104],"class_list":{"0":"post-372717","1":"product","2":"type-product","3":"status-publish","4":"has-post-thumbnail","6":"product_brand-kraftdele","7":"product_cat-kiti-matuokliai-stetoskopai-termometrai-karbiuratoriams","8":"product_tag-kraftdele","10":"first","11":"instock","12":"purchasable","13":"product-type-simple"},"jetpack_sharing_enabled":true,"_links":{"self":[{"href":"https:\/\/irankiuzona.lt\/ru\/wp-json\/wp\/v2\/product\/372717","targetHints":{"allow":["GET"]}}],"collection":[{"href":"https:\/\/irankiuzona.lt\/ru\/wp-json\/wp\/v2\/product"}],"about":[{"href":"https:\/\/irankiuzona.lt\/ru\/wp-json\/wp\/v2\/types\/product"}],"replies":[{"embeddable":true,"href":"https:\/\/irankiuzona.lt\/ru\/wp-json\/wp\/v2\/comments?post=372717"}],"version-history":[{"count":1,"href":"https:\/\/irankiuzona.lt\/ru\/wp-json\/wp\/v2\/product\/372717\/revisions"}],"predecessor-version":[{"id":425814,"href":"https:\/\/irankiuzona.lt\/ru\/wp-json\/wp\/v2\/product\/372717\/revisions\/425814"}],"wp:featuredmedia":[{"embeddable":true,"href":"https:\/\/irankiuzona.lt\/ru\/wp-json\/wp\/v2\/media\/372719"}],"wp:attachment":[{"href":"https:\/\/irankiuzona.lt\/ru\/wp-json\/wp\/v2\/media?parent=372717"}],"wp:term":[{"taxonomy":"product_cat","embeddable":true,"href":"https:\/\/irankiuzona.lt\/ru\/wp-json\/wp\/v2\/product_cat?post=372717"},{"taxonomy":"product_tag","embeddable":true,"href":"https:\/\/irankiuzona.lt\/ru\/wp-json\/wp\/v2\/product_tag?post=372717"}],"curies":[{"name":"wp","href":"https:\/\/api.w.org\/{rel}","templated":true}]}}