{"id":372723,"date":"2024-12-05T16:01:15","date_gmt":"2024-12-05T16:01:15","guid":{"rendered":"https:\/\/irankiuzona.lt\/product\/kedute-su-ratukais-raudona\/"},"modified":"2026-05-15T22:09:57","modified_gmt":"2026-05-15T22:09:57","slug":"kedute-su-ratukais-raudona","status":"publish","type":"product","link":"https:\/\/irankiuzona.lt\/ru\/product\/kedute-su-ratukais-raudona\/","title":{"rendered":"K\u0117dut\u0117 su ratukais raudona"},"content":{"rendered":"<p>R\u0117mas: aliuminisS\u0117dyn\u0117s matmenys: 380 mmAuk\u0161tis: iki 575 mmRato skersmuo: 50 mmApkrova: iki 126 kgSvoris: 5,7 kg<\/p>","protected":false},"excerpt":{"rendered":"<p>KD376 Serviso k\u0117dut\u0117 su ratukais, apa\u010dioje su daiktad\u0117\u017e\u0117mis<\/p>","protected":false},"featured_media":372725,"comment_status":"open","ping_status":"open","template":"","meta":[],"product_cat":[9761],"product_tag":[10104],"class_list":{"0":"post-372723","1":"product","2":"type-product","3":"status-publish","4":"has-post-thumbnail","6":"product_brand-kraftdele","7":"product_cat-mechaniko-gultai-kedutes","8":"product_tag-kraftdele","10":"first","11":"instock","12":"purchasable","13":"product-type-simple"},"jetpack_sharing_enabled":true,"_links":{"self":[{"href":"https:\/\/irankiuzona.lt\/ru\/wp-json\/wp\/v2\/product\/372723","targetHints":{"allow":["GET"]}}],"collection":[{"href":"https:\/\/irankiuzona.lt\/ru\/wp-json\/wp\/v2\/product"}],"about":[{"href":"https:\/\/irankiuzona.lt\/ru\/wp-json\/wp\/v2\/types\/product"}],"replies":[{"embeddable":true,"href":"https:\/\/irankiuzona.lt\/ru\/wp-json\/wp\/v2\/comments?post=372723"}],"version-history":[{"count":1,"href":"https:\/\/irankiuzona.lt\/ru\/wp-json\/wp\/v2\/product\/372723\/revisions"}],"predecessor-version":[{"id":425816,"href":"https:\/\/irankiuzona.lt\/ru\/wp-json\/wp\/v2\/product\/372723\/revisions\/425816"}],"wp:featuredmedia":[{"embeddable":true,"href":"https:\/\/irankiuzona.lt\/ru\/wp-json\/wp\/v2\/media\/372725"}],"wp:attachment":[{"href":"https:\/\/irankiuzona.lt\/ru\/wp-json\/wp\/v2\/media?parent=372723"}],"wp:term":[{"taxonomy":"product_cat","embeddable":true,"href":"https:\/\/irankiuzona.lt\/ru\/wp-json\/wp\/v2\/product_cat?post=372723"},{"taxonomy":"product_tag","embeddable":true,"href":"https:\/\/irankiuzona.lt\/ru\/wp-json\/wp\/v2\/product_tag?post=372723"}],"curies":[{"name":"wp","href":"https:\/\/api.w.org\/{rel}","templated":true}]}}