{"id":372945,"date":"2024-12-05T16:03:43","date_gmt":"2024-12-05T16:03:43","guid":{"rendered":"https:\/\/irankiuzona.lt\/product\/l-formos-lenktu-6-kampiu-hex-raktu-komplektas-h12-h24mm\/"},"modified":"2026-04-13T08:52:14","modified_gmt":"2026-04-13T08:52:14","slug":"l-formos-lenktu-6-kampiu-hex-raktu-komplektas-h12-h24mm","status":"publish","type":"product","link":"https:\/\/irankiuzona.lt\/ru\/product\/l-formos-lenktu-6-kampiu-hex-raktu-komplektas-h12-h24mm\/","title":{"rendered":"L-formos lenkt\u0173 6-kampi\u0173 HEX rakt\u0173 komplektas H12-H24mm"},"content":{"rendered":"<p>12-14-17-19-22-24mm<\/p>","protected":false},"excerpt":{"rendered":"<p>L-formos lenkt\u0173 6-kampi\u0173 HEX rakt\u0173 komplektas H12-H24mm<\/p>","protected":false},"featured_media":372947,"comment_status":"open","ping_status":"open","template":"","meta":[],"product_cat":[9560],"product_tag":[10143],"class_list":{"0":"post-372945","1":"product","2":"type-product","3":"status-publish","4":"has-post-thumbnail","6":"product_brand-jcb","7":"product_cat-l-formos-torx-ir-hex-raktu-komplektai","8":"product_tag-jcb","10":"first","11":"instock","12":"purchasable","13":"product-type-simple"},"jetpack_sharing_enabled":true,"_links":{"self":[{"href":"https:\/\/irankiuzona.lt\/ru\/wp-json\/wp\/v2\/product\/372945","targetHints":{"allow":["GET"]}}],"collection":[{"href":"https:\/\/irankiuzona.lt\/ru\/wp-json\/wp\/v2\/product"}],"about":[{"href":"https:\/\/irankiuzona.lt\/ru\/wp-json\/wp\/v2\/types\/product"}],"replies":[{"embeddable":true,"href":"https:\/\/irankiuzona.lt\/ru\/wp-json\/wp\/v2\/comments?post=372945"}],"version-history":[{"count":1,"href":"https:\/\/irankiuzona.lt\/ru\/wp-json\/wp\/v2\/product\/372945\/revisions"}],"predecessor-version":[{"id":425892,"href":"https:\/\/irankiuzona.lt\/ru\/wp-json\/wp\/v2\/product\/372945\/revisions\/425892"}],"wp:featuredmedia":[{"embeddable":true,"href":"https:\/\/irankiuzona.lt\/ru\/wp-json\/wp\/v2\/media\/372947"}],"wp:attachment":[{"href":"https:\/\/irankiuzona.lt\/ru\/wp-json\/wp\/v2\/media?parent=372945"}],"wp:term":[{"taxonomy":"product_cat","embeddable":true,"href":"https:\/\/irankiuzona.lt\/ru\/wp-json\/wp\/v2\/product_cat?post=372945"},{"taxonomy":"product_tag","embeddable":true,"href":"https:\/\/irankiuzona.lt\/ru\/wp-json\/wp\/v2\/product_tag?post=372945"}],"curies":[{"name":"wp","href":"https:\/\/api.w.org\/{rel}","templated":true}]}}