{"id":372948,"date":"2024-12-05T16:03:44","date_gmt":"2024-12-05T16:03:44","guid":{"rendered":"https:\/\/irankiuzona.lt\/product\/repliu-komplektas-skyliu-darymokniedijimo-kniedes-2\/"},"modified":"2026-04-13T07:37:35","modified_gmt":"2026-04-13T07:37:35","slug":"repliu-komplektas-skyliu-darymokniedijimo-kniedes-2","status":"publish","type":"product","link":"https:\/\/irankiuzona.lt\/ru\/product\/repliu-komplektas-skyliu-darymokniedijimo-kniedes-2\/","title":{"rendered":"Repli\u0173 komplektas Skyli\u0173 darymo,kniedijimo + KNIED\u0116S"},"content":{"rendered":"<p>2.5, 3, 3.5, 4, 4.5, 5 mm.<br \/>\nRepli\u0173 rinkinys skirtas i\u0161mu\u0161ti skyle odoje, gumoje, kartone ir kitose med\u017eiagose ir kniedyti kniedes.<\/p>","protected":false},"excerpt":{"rendered":"<p>Kniedijimo repl\u0117s su knied\u0117m\u00a0 3vnt.<\/p>","protected":false},"featured_media":372950,"comment_status":"open","ping_status":"open","template":"","meta":[],"product_cat":[9757],"product_tag":[10104],"class_list":{"0":"post-372948","1":"product","2":"type-product","3":"status-publish","4":"has-post-thumbnail","6":"product_brand-kraftdele","7":"product_cat-ziedines-kniedes-reples","8":"product_tag-kraftdele","10":"first","11":"outofstock","12":"purchasable","13":"product-type-simple"},"jetpack_sharing_enabled":true,"_links":{"self":[{"href":"https:\/\/irankiuzona.lt\/ru\/wp-json\/wp\/v2\/product\/372948","targetHints":{"allow":["GET"]}}],"collection":[{"href":"https:\/\/irankiuzona.lt\/ru\/wp-json\/wp\/v2\/product"}],"about":[{"href":"https:\/\/irankiuzona.lt\/ru\/wp-json\/wp\/v2\/types\/product"}],"replies":[{"embeddable":true,"href":"https:\/\/irankiuzona.lt\/ru\/wp-json\/wp\/v2\/comments?post=372948"}],"version-history":[{"count":1,"href":"https:\/\/irankiuzona.lt\/ru\/wp-json\/wp\/v2\/product\/372948\/revisions"}],"predecessor-version":[{"id":425907,"href":"https:\/\/irankiuzona.lt\/ru\/wp-json\/wp\/v2\/product\/372948\/revisions\/425907"}],"wp:featuredmedia":[{"embeddable":true,"href":"https:\/\/irankiuzona.lt\/ru\/wp-json\/wp\/v2\/media\/372950"}],"wp:attachment":[{"href":"https:\/\/irankiuzona.lt\/ru\/wp-json\/wp\/v2\/media?parent=372948"}],"wp:term":[{"taxonomy":"product_cat","embeddable":true,"href":"https:\/\/irankiuzona.lt\/ru\/wp-json\/wp\/v2\/product_cat?post=372948"},{"taxonomy":"product_tag","embeddable":true,"href":"https:\/\/irankiuzona.lt\/ru\/wp-json\/wp\/v2\/product_tag?post=372948"}],"curies":[{"name":"wp","href":"https:\/\/api.w.org\/{rel}","templated":true}]}}