{"id":373091,"date":"2024-12-23T13:03:46","date_gmt":"2024-12-23T13:03:46","guid":{"rendered":"https:\/\/irankiuzona.lt\/product\/znyples-elektrikui-multifunkcines-195mm\/"},"modified":"2026-05-09T15:12:02","modified_gmt":"2026-05-09T15:12:02","slug":"znyples-elektrikui-multifunkcines-195mm","status":"publish","type":"product","link":"https:\/\/irankiuzona.lt\/ru\/product\/znyples-elektrikui-multifunkcines-195mm\/","title":{"rendered":"\u017dnypl\u0117s elektrikui multifunkcin\u0117s 195mm"},"content":{"rendered":"<p>195mm<\/p>","protected":false},"excerpt":{"rendered":"<p>\u017dnypl\u0117s elektrikui multifunkcin\u0117s 195mm<\/p>","protected":false},"featured_media":373093,"comment_status":"open","ping_status":"open","template":"","meta":[],"product_cat":[9971],"product_tag":[10162],"class_list":{"0":"post-373091","1":"product","2":"type-product","3":"status-publish","4":"has-post-thumbnail","6":"product_brand-waart-lenkija","7":"product_cat-reples-znyples-uzspaudimui-elektrikui","8":"product_tag-waart-lenkija","10":"first","11":"instock","12":"purchasable","13":"product-type-simple"},"jetpack_sharing_enabled":true,"_links":{"self":[{"href":"https:\/\/irankiuzona.lt\/ru\/wp-json\/wp\/v2\/product\/373091","targetHints":{"allow":["GET"]}}],"collection":[{"href":"https:\/\/irankiuzona.lt\/ru\/wp-json\/wp\/v2\/product"}],"about":[{"href":"https:\/\/irankiuzona.lt\/ru\/wp-json\/wp\/v2\/types\/product"}],"replies":[{"embeddable":true,"href":"https:\/\/irankiuzona.lt\/ru\/wp-json\/wp\/v2\/comments?post=373091"}],"version-history":[{"count":1,"href":"https:\/\/irankiuzona.lt\/ru\/wp-json\/wp\/v2\/product\/373091\/revisions"}],"predecessor-version":[{"id":425538,"href":"https:\/\/irankiuzona.lt\/ru\/wp-json\/wp\/v2\/product\/373091\/revisions\/425538"}],"wp:featuredmedia":[{"embeddable":true,"href":"https:\/\/irankiuzona.lt\/ru\/wp-json\/wp\/v2\/media\/373093"}],"wp:attachment":[{"href":"https:\/\/irankiuzona.lt\/ru\/wp-json\/wp\/v2\/media?parent=373091"}],"wp:term":[{"taxonomy":"product_cat","embeddable":true,"href":"https:\/\/irankiuzona.lt\/ru\/wp-json\/wp\/v2\/product_cat?post=373091"},{"taxonomy":"product_tag","embeddable":true,"href":"https:\/\/irankiuzona.lt\/ru\/wp-json\/wp\/v2\/product_tag?post=373091"}],"curies":[{"name":"wp","href":"https:\/\/api.w.org\/{rel}","templated":true}]}}