{"id":373136,"date":"2024-12-23T13:05:39","date_gmt":"2024-12-23T13:05:39","guid":{"rendered":"https:\/\/irankiuzona.lt\/product\/dujos-butano-190g\/"},"modified":"2026-03-10T10:10:21","modified_gmt":"2026-03-10T10:10:21","slug":"dujos-butano-190g","status":"publish","type":"product","link":"https:\/\/irankiuzona.lt\/ru\/product\/dujos-butano-190g\/","title":{"rendered":"Dujos butano 190g"},"content":{"rendered":"<p>Butano dujos 190 g Unikali balion\u0117lio konstrukcija u\u017etikrina, kad dujos nei\u0161eit\u0173 po balion\u0117lio prad\u016brimo STOP GAS sistema saugumui u\u017etikrinti Max darbin\u0117 temperat\u016bra 1200\u00b0 C<br \/>\nTinka darbui \u017eemose temperat\u016brose iki -5\u00b0 C Duj\u0173 balion\u0117lis atitinka EN417 2012 reikalavim\u0105 duj\u0173 balionams<\/p>","protected":false},"excerpt":{"rendered":"<p>Butano duj\u0173 balion\u0117lis 190g<\/p>","protected":false},"featured_media":373138,"comment_status":"open","ping_status":"open","template":"","meta":[],"product_cat":[9856],"product_tag":[],"class_list":{"0":"post-373136","1":"product","2":"type-product","3":"status-publish","4":"has-post-thumbnail","6":"product_cat-duju-balioneliai","8":"first","9":"outofstock","10":"purchasable","11":"product-type-simple"},"jetpack_sharing_enabled":true,"_links":{"self":[{"href":"https:\/\/irankiuzona.lt\/ru\/wp-json\/wp\/v2\/product\/373136","targetHints":{"allow":["GET"]}}],"collection":[{"href":"https:\/\/irankiuzona.lt\/ru\/wp-json\/wp\/v2\/product"}],"about":[{"href":"https:\/\/irankiuzona.lt\/ru\/wp-json\/wp\/v2\/types\/product"}],"replies":[{"embeddable":true,"href":"https:\/\/irankiuzona.lt\/ru\/wp-json\/wp\/v2\/comments?post=373136"}],"version-history":[{"count":1,"href":"https:\/\/irankiuzona.lt\/ru\/wp-json\/wp\/v2\/product\/373136\/revisions"}],"predecessor-version":[{"id":425714,"href":"https:\/\/irankiuzona.lt\/ru\/wp-json\/wp\/v2\/product\/373136\/revisions\/425714"}],"wp:featuredmedia":[{"embeddable":true,"href":"https:\/\/irankiuzona.lt\/ru\/wp-json\/wp\/v2\/media\/373138"}],"wp:attachment":[{"href":"https:\/\/irankiuzona.lt\/ru\/wp-json\/wp\/v2\/media?parent=373136"}],"wp:term":[{"taxonomy":"product_cat","embeddable":true,"href":"https:\/\/irankiuzona.lt\/ru\/wp-json\/wp\/v2\/product_cat?post=373136"},{"taxonomy":"product_tag","embeddable":true,"href":"https:\/\/irankiuzona.lt\/ru\/wp-json\/wp\/v2\/product_tag?post=373136"}],"curies":[{"name":"wp","href":"https:\/\/api.w.org\/{rel}","templated":true}]}}