{"id":373139,"date":"2024-12-23T13:05:40","date_gmt":"2024-12-23T13:05:40","guid":{"rendered":"https:\/\/irankiuzona.lt\/product\/purkstuku-ir-zvakiu-remonto-irankiai-21vnt\/"},"modified":"2026-04-12T13:35:37","modified_gmt":"2026-04-12T13:35:37","slug":"purkstuku-ir-zvakiu-remonto-irankiai-21vnt","status":"publish","type":"product","link":"https:\/\/irankiuzona.lt\/ru\/product\/purkstuku-ir-zvakiu-remonto-irankiai-21vnt\/","title":{"rendered":"Purk\u0161tuk\u0173 ir \u017evaki\u0173 remonto \u012frankiai 21vnt."},"content":{"rendered":"","protected":false},"excerpt":{"rendered":"<p>Purk\u0161tuk\u0173 ir \u017evaki\u0173 remonto \u012frankiai 21vnt.<\/p>","protected":false},"featured_media":373141,"comment_status":"open","ping_status":"open","template":"","meta":[],"product_cat":[9698],"product_tag":[9435],"class_list":{"0":"post-373139","1":"product","2":"type-product","3":"status-publish","4":"has-post-thumbnail","6":"product_brand-kinija","7":"product_cat-frezos-raiberiai-purkstukams","8":"product_tag-kinija","10":"first","11":"instock","12":"purchasable","13":"product-type-simple"},"jetpack_sharing_enabled":true,"_links":{"self":[{"href":"https:\/\/irankiuzona.lt\/ru\/wp-json\/wp\/v2\/product\/373139","targetHints":{"allow":["GET"]}}],"collection":[{"href":"https:\/\/irankiuzona.lt\/ru\/wp-json\/wp\/v2\/product"}],"about":[{"href":"https:\/\/irankiuzona.lt\/ru\/wp-json\/wp\/v2\/types\/product"}],"replies":[{"embeddable":true,"href":"https:\/\/irankiuzona.lt\/ru\/wp-json\/wp\/v2\/comments?post=373139"}],"version-history":[{"count":1,"href":"https:\/\/irankiuzona.lt\/ru\/wp-json\/wp\/v2\/product\/373139\/revisions"}],"predecessor-version":[{"id":425715,"href":"https:\/\/irankiuzona.lt\/ru\/wp-json\/wp\/v2\/product\/373139\/revisions\/425715"}],"wp:featuredmedia":[{"embeddable":true,"href":"https:\/\/irankiuzona.lt\/ru\/wp-json\/wp\/v2\/media\/373141"}],"wp:attachment":[{"href":"https:\/\/irankiuzona.lt\/ru\/wp-json\/wp\/v2\/media?parent=373139"}],"wp:term":[{"taxonomy":"product_cat","embeddable":true,"href":"https:\/\/irankiuzona.lt\/ru\/wp-json\/wp\/v2\/product_cat?post=373139"},{"taxonomy":"product_tag","embeddable":true,"href":"https:\/\/irankiuzona.lt\/ru\/wp-json\/wp\/v2\/product_tag?post=373139"}],"curies":[{"name":"wp","href":"https:\/\/api.w.org\/{rel}","templated":true}]}}