{"id":373163,"date":"2024-12-23T13:06:07","date_gmt":"2024-12-23T13:06:07","guid":{"rendered":"https:\/\/irankiuzona.lt\/product\/plastiko-suvirinimo-aparatas-50w-su-kabemis-250vnt\/"},"modified":"2026-04-12T21:19:49","modified_gmt":"2026-04-12T21:19:49","slug":"plastiko-suvirinimo-aparatas-50w-su-kabemis-250vnt","status":"publish","type":"product","link":"https:\/\/irankiuzona.lt\/ru\/product\/plastiko-suvirinimo-aparatas-50w-su-kabemis-250vnt\/","title":{"rendered":"Plastiko suvirinimo aparatas 50W su kab\u0117mis 250vnt"},"content":{"rendered":"<p>Nominali \u012ftampa &#8211; 230V ACMaitinimo da\u017enis \u2013 50HzNominali galia &#8211; 50WElektros apsaugos klas\u0117 &#8211; IIApsaugos klas\u0117 \u2013 IP20Svoris &#8211; 1,3 kgGreitas \u012fkaitinimas: kab\u0117s \u012f\u0161yla per 1-3 sekundesRinkinys gali pad\u0117ti lengvai suvirinti pa\u017eeistus ir \u012ftr\u016bkusius plastikinius gaminius ir prailginti j\u0173 tarnavimolaik\u0105Stiprus suvirinimas: rinkinys tinka automobili\u0173 ir motocikl\u0173 plastikin\u0117ms dalims, pvz., buferiams, prietais\u0173skydams, sparnams ir kt., sustiprinti ir taisytiJis taip pat tinka \u012fvairi\u0173 plastikini\u0173 gamini\u0173 remontui kasdieniame gyvenimeSaugu ir patikimas: suvirinimo aparatas turi apsaug\u0105 nuo perkrovos, greit\u0105 kaitinim\u0105 ir stabil\u0173 veikim\u0105Ner\u016bdijan\u010dio plieno kab\u0117s ner\u016bdys, o po remonto dalys bus tvirtos ir lengvai nel\u016b\u0161Paprastas naudojimas: mygtukas, paleidimas vienu spustel\u0117jimu, gumin\u0119 ranken\u0105 patogu laikyti ir ilgai naudojantnesijaus didelio nuovargioPlastiko suvirinimo aparato priekyje sumontuota LED lemput\u0117, palengvinanti remonto darbusPriedai: plastiko remonto rinkin\u012f sudaro 4 skirtingos suvirinimo kab\u0117s (lygios, banguotos, vidinio kampo iri\u0161orinio kampo), \u0161oninio kirpimo repl\u0117s kab\u0117ms, peilis su kei\u010diama gele\u017ete ir lagaminas\u0160is gaminys turi apsaugos nuo perkaitimo funkcij\u0105, perkait\u0119s nustos veikti, o atv\u0117s\u0119s veiks toliau<\/p>","protected":false},"excerpt":{"rendered":"<p>Plastiko suvirinimo aparatas 50W su kab\u0117mis 250vnt<\/p>","protected":false},"featured_media":373165,"comment_status":"open","ping_status":"open","template":"","meta":[],"product_cat":[9878],"product_tag":[10162],"class_list":{"0":"post-373163","1":"product","2":"type-product","3":"status-publish","4":"has-post-thumbnail","6":"product_brand-waart-lenkija","7":"product_cat-plastmases-litavimas","8":"product_tag-waart-lenkija","10":"first","11":"outofstock","12":"purchasable","13":"product-type-simple"},"jetpack_sharing_enabled":true,"_links":{"self":[{"href":"https:\/\/irankiuzona.lt\/ru\/wp-json\/wp\/v2\/product\/373163","targetHints":{"allow":["GET"]}}],"collection":[{"href":"https:\/\/irankiuzona.lt\/ru\/wp-json\/wp\/v2\/product"}],"about":[{"href":"https:\/\/irankiuzona.lt\/ru\/wp-json\/wp\/v2\/types\/product"}],"replies":[{"embeddable":true,"href":"https:\/\/irankiuzona.lt\/ru\/wp-json\/wp\/v2\/comments?post=373163"}],"version-history":[{"count":1,"href":"https:\/\/irankiuzona.lt\/ru\/wp-json\/wp\/v2\/product\/373163\/revisions"}],"predecessor-version":[{"id":425732,"href":"https:\/\/irankiuzona.lt\/ru\/wp-json\/wp\/v2\/product\/373163\/revisions\/425732"}],"wp:featuredmedia":[{"embeddable":true,"href":"https:\/\/irankiuzona.lt\/ru\/wp-json\/wp\/v2\/media\/373165"}],"wp:attachment":[{"href":"https:\/\/irankiuzona.lt\/ru\/wp-json\/wp\/v2\/media?parent=373163"}],"wp:term":[{"taxonomy":"product_cat","embeddable":true,"href":"https:\/\/irankiuzona.lt\/ru\/wp-json\/wp\/v2\/product_cat?post=373163"},{"taxonomy":"product_tag","embeddable":true,"href":"https:\/\/irankiuzona.lt\/ru\/wp-json\/wp\/v2\/product_tag?post=373163"}],"curies":[{"name":"wp","href":"https:\/\/api.w.org\/{rel}","templated":true}]}}