{"id":373172,"date":"2024-12-23T13:06:18","date_gmt":"2024-12-23T13:06:18","guid":{"rendered":"https:\/\/irankiuzona.lt\/product\/ausinimo-sistemos-testavimo-komplektas-15daliu\/"},"modified":"2026-04-13T03:07:25","modified_gmt":"2026-04-13T03:07:25","slug":"ausinimo-sistemos-testavimo-komplektas-15daliu","status":"publish","type":"product","link":"https:\/\/irankiuzona.lt\/ru\/product\/ausinimo-sistemos-testavimo-komplektas-15daliu\/","title":{"rendered":"Au\u0161inimo sistemos testavimo komplektas 15dali\u0173"},"content":{"rendered":"","protected":false},"excerpt":{"rendered":"<p>Au\u0161inimo sistemos testavimo komplektas 15dali\u0173<\/p>","protected":false},"featured_media":373174,"comment_status":"open","ping_status":"open","template":"","meta":[],"product_cat":[9563],"product_tag":[9435],"class_list":{"0":"post-373172","1":"product","2":"type-product","3":"status-publish","4":"has-post-thumbnail","6":"product_brand-kinija","7":"product_cat-irankiai-ausinimo-sistemai","8":"product_tag-kinija","10":"first","11":"instock","12":"purchasable","13":"product-type-simple"},"jetpack_sharing_enabled":true,"_links":{"self":[{"href":"https:\/\/irankiuzona.lt\/ru\/wp-json\/wp\/v2\/product\/373172","targetHints":{"allow":["GET"]}}],"collection":[{"href":"https:\/\/irankiuzona.lt\/ru\/wp-json\/wp\/v2\/product"}],"about":[{"href":"https:\/\/irankiuzona.lt\/ru\/wp-json\/wp\/v2\/types\/product"}],"replies":[{"embeddable":true,"href":"https:\/\/irankiuzona.lt\/ru\/wp-json\/wp\/v2\/comments?post=373172"}],"version-history":[{"count":1,"href":"https:\/\/irankiuzona.lt\/ru\/wp-json\/wp\/v2\/product\/373172\/revisions"}],"predecessor-version":[{"id":425742,"href":"https:\/\/irankiuzona.lt\/ru\/wp-json\/wp\/v2\/product\/373172\/revisions\/425742"}],"wp:featuredmedia":[{"embeddable":true,"href":"https:\/\/irankiuzona.lt\/ru\/wp-json\/wp\/v2\/media\/373174"}],"wp:attachment":[{"href":"https:\/\/irankiuzona.lt\/ru\/wp-json\/wp\/v2\/media?parent=373172"}],"wp:term":[{"taxonomy":"product_cat","embeddable":true,"href":"https:\/\/irankiuzona.lt\/ru\/wp-json\/wp\/v2\/product_cat?post=373172"},{"taxonomy":"product_tag","embeddable":true,"href":"https:\/\/irankiuzona.lt\/ru\/wp-json\/wp\/v2\/product_tag?post=373172"}],"curies":[{"name":"wp","href":"https:\/\/api.w.org\/{rel}","templated":true}]}}