{"id":373208,"date":"2024-12-23T13:07:50","date_gmt":"2024-12-23T13:07:50","guid":{"rendered":"https:\/\/irankiuzona.lt\/product\/mini-filtras-dazymui-1-4-dregmes-surinkejas\/"},"modified":"2026-04-02T15:52:44","modified_gmt":"2026-04-02T15:52:44","slug":"mini-filtras-dazymui-1-4-dregmes-surinkejas","status":"publish","type":"product","link":"https:\/\/irankiuzona.lt\/ru\/product\/mini-filtras-dazymui-1-4-dregmes-surinkejas\/","title":{"rendered":"Mini filtras da\u017eymui 1\/4 dr\u0117gm\u0117s surink\u0117jas"},"content":{"rendered":"<p>Skirtas alyvai, dr\u0117gmei, dulk\u0117ms ir \u0161iuk\u0161l\u0117ms filtruoti, idealiai tinka da\u017eymui arba bet kokiai oro p\u016btimo programai Silicio kristal\u0173 naudojimas baigiamas, kai kristalai pakei\u010dia spalv\u0105 \u012f rausv\u0105, tada filtras yra netinkamas naudoti Cinko metalo vir\u0161utinis korpusas ir PC\/POM dubuo Sprogimo prevencija d\u0117l metalinio vir\u0161utinio korpuso ir plastikinio apsauginio apvalkalo Dydis 1\/4&quot; Max sl\u0117gis 6.3 bar (90 PSI) Talpa 9 g Darbin\u0117 temperat\u016bra 5 &#8211; 60\u00b0 C Varinis filtro elementas 100 \u00b5<br \/>\nCE atitiktis<\/p>","protected":false},"excerpt":{"rendered":"<p>Mini filtras 1\/4 dr\u0117gm\u0117s surink\u0117jas pneumatin\u0117je sistemoje, tinka da\u017eymo \u012frankiams<\/p>","protected":false},"featured_media":373210,"comment_status":"open","ping_status":"open","template":"","meta":[],"product_cat":[9706],"product_tag":[9435],"class_list":{"0":"post-373208","1":"product","2":"type-product","3":"status-publish","4":"has-post-thumbnail","6":"product_brand-kinija","7":"product_cat-oro-srauto-reguliatoriai-tepalines-dregmes-surinkejai","8":"product_tag-kinija","10":"first","11":"outofstock","12":"purchasable","13":"product-type-simple"},"jetpack_sharing_enabled":true,"_links":{"self":[{"href":"https:\/\/irankiuzona.lt\/ru\/wp-json\/wp\/v2\/product\/373208","targetHints":{"allow":["GET"]}}],"collection":[{"href":"https:\/\/irankiuzona.lt\/ru\/wp-json\/wp\/v2\/product"}],"about":[{"href":"https:\/\/irankiuzona.lt\/ru\/wp-json\/wp\/v2\/types\/product"}],"replies":[{"embeddable":true,"href":"https:\/\/irankiuzona.lt\/ru\/wp-json\/wp\/v2\/comments?post=373208"}],"version-history":[{"count":1,"href":"https:\/\/irankiuzona.lt\/ru\/wp-json\/wp\/v2\/product\/373208\/revisions"}],"predecessor-version":[{"id":425908,"href":"https:\/\/irankiuzona.lt\/ru\/wp-json\/wp\/v2\/product\/373208\/revisions\/425908"}],"wp:featuredmedia":[{"embeddable":true,"href":"https:\/\/irankiuzona.lt\/ru\/wp-json\/wp\/v2\/media\/373210"}],"wp:attachment":[{"href":"https:\/\/irankiuzona.lt\/ru\/wp-json\/wp\/v2\/media?parent=373208"}],"wp:term":[{"taxonomy":"product_cat","embeddable":true,"href":"https:\/\/irankiuzona.lt\/ru\/wp-json\/wp\/v2\/product_cat?post=373208"},{"taxonomy":"product_tag","embeddable":true,"href":"https:\/\/irankiuzona.lt\/ru\/wp-json\/wp\/v2\/product_tag?post=373208"}],"curies":[{"name":"wp","href":"https:\/\/api.w.org\/{rel}","templated":true}]}}