{"id":373277,"date":"2024-12-23T13:08:22","date_gmt":"2024-12-23T13:08:22","guid":{"rendered":"https:\/\/irankiuzona.lt\/product\/stabdziu-sistemos-nuorinimo-irankiai-su-pompa\/"},"modified":"2026-04-14T14:52:16","modified_gmt":"2026-04-14T14:52:16","slug":"stabdziu-sistemos-nuorinimo-irankiai-su-pompa","status":"publish","type":"product","link":"https:\/\/irankiuzona.lt\/ru\/product\/stabdziu-sistemos-nuorinimo-irankiai-su-pompa\/","title":{"rendered":"Stabd\u017ei\u0173 sistemos nuorinimo \u012frankiai su pompa"},"content":{"rendered":"<p>Technin\u0117 informacija:matmenys (l\/w\/h): apytiksl. 20\/18\/40 cm svoris: 1,11 kg sl\u0117gis: 2 barai maks. sl\u0117gis: 4,8 baro<\/p>","protected":false},"excerpt":{"rendered":"<p>Stabd\u017ei\u0173 sistemos nuorinimo \u012frankiai su pompa<\/p>","protected":false},"featured_media":373279,"comment_status":"open","ping_status":"open","template":"","meta":[],"product_cat":[9534],"product_tag":[10151],"class_list":{"0":"post-373277","1":"product","2":"type-product","3":"status-publish","4":"has-post-thumbnail","6":"product_brand-lenkija-tiekejas","7":"product_cat-stabdziu-remonto-nuorinimo-irankiai","8":"product_tag-lenkija-tiekejas","10":"first","11":"outofstock","12":"purchasable","13":"product-type-simple"},"jetpack_sharing_enabled":true,"_links":{"self":[{"href":"https:\/\/irankiuzona.lt\/ru\/wp-json\/wp\/v2\/product\/373277","targetHints":{"allow":["GET"]}}],"collection":[{"href":"https:\/\/irankiuzona.lt\/ru\/wp-json\/wp\/v2\/product"}],"about":[{"href":"https:\/\/irankiuzona.lt\/ru\/wp-json\/wp\/v2\/types\/product"}],"replies":[{"embeddable":true,"href":"https:\/\/irankiuzona.lt\/ru\/wp-json\/wp\/v2\/comments?post=373277"}],"version-history":[{"count":1,"href":"https:\/\/irankiuzona.lt\/ru\/wp-json\/wp\/v2\/product\/373277\/revisions"}],"predecessor-version":[{"id":425930,"href":"https:\/\/irankiuzona.lt\/ru\/wp-json\/wp\/v2\/product\/373277\/revisions\/425930"}],"wp:featuredmedia":[{"embeddable":true,"href":"https:\/\/irankiuzona.lt\/ru\/wp-json\/wp\/v2\/media\/373279"}],"wp:attachment":[{"href":"https:\/\/irankiuzona.lt\/ru\/wp-json\/wp\/v2\/media?parent=373277"}],"wp:term":[{"taxonomy":"product_cat","embeddable":true,"href":"https:\/\/irankiuzona.lt\/ru\/wp-json\/wp\/v2\/product_cat?post=373277"},{"taxonomy":"product_tag","embeddable":true,"href":"https:\/\/irankiuzona.lt\/ru\/wp-json\/wp\/v2\/product_tag?post=373277"}],"curies":[{"name":"wp","href":"https:\/\/api.w.org\/{rel}","templated":true}]}}