{"id":373283,"date":"2024-12-23T13:08:26","date_gmt":"2024-12-23T13:08:26","guid":{"rendered":"https:\/\/irankiuzona.lt\/product\/darbo-lempa-ikraunama-1000-lm\/"},"modified":"2026-04-15T13:34:16","modified_gmt":"2026-04-15T13:34:16","slug":"darbo-lempa-ikraunama-1000-lm","status":"publish","type":"product","link":"https:\/\/irankiuzona.lt\/ru\/product\/darbo-lempa-ikraunama-1000-lm\/","title":{"rendered":"Darbo lempa \u012fkraunama 1000 lm"},"content":{"rendered":"<p>Maks. \u0161viesos srautas \u2013 1000 lm;Pagrindinis \u0161viesos \u0161altinis \u2013 10 W COB LED, 6.500 K;Papildomas \u0161viesos \u0161altinis \u2013 4 W SMD LED, 6.500 K;Keturi darbo re\u017eimai \u2013 \u0161viesos srautas \/ veikimo laikas:1. 200 lm \/ 7 val.,2. 250 lm \/ 8 val.,3. 500 lm \/ 4 val.,4. 1000 lm \/ 2val;Apsaugos nuo sm\u016bgi\u0173 klas\u0117 \u2013 IK09;Atsparumo dulk\u0117ms ir vandeniui klas\u0117 \u2013 IP65;Pasvirimo reguliavimas \u2013 180\u00b0;Darbin\u0117 temperat\u016bra \u2013 nuo \u200b\u200b10\u00b0 iki +40\u00b0C;Tvirtinimas \u2013 magnetai ir kabliukai pakabinimui;Maitinimas \u2013 Li-Ion baterija, 3,350 mAh, 3,6 V;\u012ekrovimo laikas \u2013 5 valandos;\u012ekrovimo prievadas \u2013 USB-C;Komplekte &#8211; maitinimo laidas ir ki\u0161tukas.<\/p>","protected":false},"excerpt":{"rendered":"<p>Akumuliatorin\u0117 darbo lempa 1000 lm<\/p>","protected":false},"featured_media":373285,"comment_status":"open","ping_status":"open","template":"","meta":[],"product_cat":[9854],"product_tag":[9969],"class_list":{"0":"post-373283","1":"product","2":"type-product","3":"status-publish","4":"has-post-thumbnail","6":"product_brand-hogert-technik-vokietija","7":"product_cat-lempos-ikraunamos","8":"product_tag-hogert-technik-vokietija","10":"first","11":"instock","12":"purchasable","13":"product-type-simple"},"jetpack_sharing_enabled":true,"_links":{"self":[{"href":"https:\/\/irankiuzona.lt\/ru\/wp-json\/wp\/v2\/product\/373283","targetHints":{"allow":["GET"]}}],"collection":[{"href":"https:\/\/irankiuzona.lt\/ru\/wp-json\/wp\/v2\/product"}],"about":[{"href":"https:\/\/irankiuzona.lt\/ru\/wp-json\/wp\/v2\/types\/product"}],"replies":[{"embeddable":true,"href":"https:\/\/irankiuzona.lt\/ru\/wp-json\/wp\/v2\/comments?post=373283"}],"version-history":[{"count":1,"href":"https:\/\/irankiuzona.lt\/ru\/wp-json\/wp\/v2\/product\/373283\/revisions"}],"predecessor-version":[{"id":425932,"href":"https:\/\/irankiuzona.lt\/ru\/wp-json\/wp\/v2\/product\/373283\/revisions\/425932"}],"wp:featuredmedia":[{"embeddable":true,"href":"https:\/\/irankiuzona.lt\/ru\/wp-json\/wp\/v2\/media\/373285"}],"wp:attachment":[{"href":"https:\/\/irankiuzona.lt\/ru\/wp-json\/wp\/v2\/media?parent=373283"}],"wp:term":[{"taxonomy":"product_cat","embeddable":true,"href":"https:\/\/irankiuzona.lt\/ru\/wp-json\/wp\/v2\/product_cat?post=373283"},{"taxonomy":"product_tag","embeddable":true,"href":"https:\/\/irankiuzona.lt\/ru\/wp-json\/wp\/v2\/product_tag?post=373283"}],"curies":[{"name":"wp","href":"https:\/\/api.w.org\/{rel}","templated":true}]}}