{"id":373319,"date":"2024-12-23T13:08:51","date_gmt":"2024-12-23T13:08:51","guid":{"rendered":"https:\/\/irankiuzona.lt\/product\/irankiu-komplektas-3-8-terksles-33daliu-su-deklu-vezimeliui\/"},"modified":"2026-04-13T03:07:47","modified_gmt":"2026-04-13T03:07:47","slug":"irankiu-komplektas-3-8-terksles-33daliu-su-deklu-vezimeliui","status":"publish","type":"product","link":"https:\/\/irankiuzona.lt\/ru\/product\/irankiu-komplektas-3-8-terksles-33daliu-su-deklu-vezimeliui\/","title":{"rendered":"\u012eranki\u0173 komplektas 3\/8 terk\u0161l\u0117s \/ 33dali\u0173 \/ su d\u0117klu ve\u017eim\u0117liui"},"content":{"rendered":"<p>Komplekte yra:<br \/>\nGalvut\u0117s trumpos 3\/8&#8243;: 8mm, 9mm, 10mm, 11mm, 12mm, 13mm, 14mm, 15mm, 16mm, 17mm, 18mm, 19mm, 21mm, 22mm, 24 mm. Galvut\u0117s ilgos 3\/8&#8243;: 11 mm, 12 mm, 13 mm, 14 mm, 15 mm, 17 mm, 19 mm Galvut\u0117s \u017evak\u0117ms 3\/8&#8243;: 16 mm, 18 mm, 21 mm. Terk\u0161l\u0117 ( 72 dant\u0173 ) 3\/8&#8243; Adapteris 3\/8 x 1\/4. Kardano jungtis 3\/8&#8221;. Adapteris antgaliams 3\/8&#8243;. kryp\u010di\u0173 adapteris 1\/2&#8243; x 3\/8&#8243;<\/p>","protected":false},"excerpt":{"rendered":"<p>D\u0117klas ve\u017eim\u0117liui 3\/8 \u012franki\u0173 komplektas<\/p>","protected":false},"featured_media":373321,"comment_status":"open","ping_status":"closed","template":"","meta":[],"product_cat":[9870],"product_tag":[9969],"class_list":{"0":"post-373319","1":"product","2":"type-product","3":"status-publish","4":"has-post-thumbnail","6":"product_brand-hogert-technik-vokietija","7":"product_cat-deklai-i-vezimus-su-irankiais-ir-tusti","8":"product_tag-hogert-technik-vokietija","10":"first","11":"outofstock","12":"purchasable","13":"product-type-simple"},"jetpack_sharing_enabled":true,"_links":{"self":[{"href":"https:\/\/irankiuzona.lt\/ru\/wp-json\/wp\/v2\/product\/373319","targetHints":{"allow":["GET"]}}],"collection":[{"href":"https:\/\/irankiuzona.lt\/ru\/wp-json\/wp\/v2\/product"}],"about":[{"href":"https:\/\/irankiuzona.lt\/ru\/wp-json\/wp\/v2\/types\/product"}],"replies":[{"embeddable":true,"href":"https:\/\/irankiuzona.lt\/ru\/wp-json\/wp\/v2\/comments?post=373319"}],"version-history":[{"count":1,"href":"https:\/\/irankiuzona.lt\/ru\/wp-json\/wp\/v2\/product\/373319\/revisions"}],"predecessor-version":[{"id":425950,"href":"https:\/\/irankiuzona.lt\/ru\/wp-json\/wp\/v2\/product\/373319\/revisions\/425950"}],"wp:featuredmedia":[{"embeddable":true,"href":"https:\/\/irankiuzona.lt\/ru\/wp-json\/wp\/v2\/media\/373321"}],"wp:attachment":[{"href":"https:\/\/irankiuzona.lt\/ru\/wp-json\/wp\/v2\/media?parent=373319"}],"wp:term":[{"taxonomy":"product_cat","embeddable":true,"href":"https:\/\/irankiuzona.lt\/ru\/wp-json\/wp\/v2\/product_cat?post=373319"},{"taxonomy":"product_tag","embeddable":true,"href":"https:\/\/irankiuzona.lt\/ru\/wp-json\/wp\/v2\/product_tag?post=373319"}],"curies":[{"name":"wp","href":"https:\/\/api.w.org\/{rel}","templated":true}]}}