{"id":373325,"date":"2024-12-23T13:08:54","date_gmt":"2024-12-23T13:08:54","guid":{"rendered":"https:\/\/irankiuzona.lt\/product\/duju-balionelis-190g\/"},"modified":"2026-04-12T20:08:52","modified_gmt":"2026-04-12T20:08:52","slug":"duju-balionelis-190g","status":"publish","type":"product","link":"https:\/\/irankiuzona.lt\/ru\/product\/duju-balionelis-190g\/","title":{"rendered":"Duj\u0173 balion\u0117lis 190g."},"content":{"rendered":"<p>Turi Gas Stop System sistem\u0105 (EN417 standartas).Naudojimosi s\u0105lygos nuo -10C iki +40C. Balion\u0117lio degimo laikas 150-180min.<\/p>","protected":false},"excerpt":{"rendered":"<p>Duj\u0173 balion\u0117lis 190g.<\/p>","protected":false},"featured_media":373327,"comment_status":"open","ping_status":"open","template":"","meta":[],"product_cat":[9856],"product_tag":[],"class_list":{"0":"post-373325","1":"product","2":"type-product","3":"status-publish","4":"has-post-thumbnail","6":"product_cat-duju-balioneliai","8":"first","9":"instock","10":"purchasable","11":"product-type-simple"},"jetpack_sharing_enabled":true,"_links":{"self":[{"href":"https:\/\/irankiuzona.lt\/ru\/wp-json\/wp\/v2\/product\/373325","targetHints":{"allow":["GET"]}}],"collection":[{"href":"https:\/\/irankiuzona.lt\/ru\/wp-json\/wp\/v2\/product"}],"about":[{"href":"https:\/\/irankiuzona.lt\/ru\/wp-json\/wp\/v2\/types\/product"}],"replies":[{"embeddable":true,"href":"https:\/\/irankiuzona.lt\/ru\/wp-json\/wp\/v2\/comments?post=373325"}],"version-history":[{"count":1,"href":"https:\/\/irankiuzona.lt\/ru\/wp-json\/wp\/v2\/product\/373325\/revisions"}],"predecessor-version":[{"id":425952,"href":"https:\/\/irankiuzona.lt\/ru\/wp-json\/wp\/v2\/product\/373325\/revisions\/425952"}],"wp:featuredmedia":[{"embeddable":true,"href":"https:\/\/irankiuzona.lt\/ru\/wp-json\/wp\/v2\/media\/373327"}],"wp:attachment":[{"href":"https:\/\/irankiuzona.lt\/ru\/wp-json\/wp\/v2\/media?parent=373325"}],"wp:term":[{"taxonomy":"product_cat","embeddable":true,"href":"https:\/\/irankiuzona.lt\/ru\/wp-json\/wp\/v2\/product_cat?post=373325"},{"taxonomy":"product_tag","embeddable":true,"href":"https:\/\/irankiuzona.lt\/ru\/wp-json\/wp\/v2\/product_tag?post=373325"}],"curies":[{"name":"wp","href":"https:\/\/api.w.org\/{rel}","templated":true}]}}