{"id":373331,"date":"2024-12-23T13:08:57","date_gmt":"2024-12-23T13:08:57","guid":{"rendered":"https:\/\/irankiuzona.lt\/product\/dezutes-smulkmenom-322-x-279-x-297mm-4vnt\/"},"modified":"2026-04-12T19:00:20","modified_gmt":"2026-04-12T19:00:20","slug":"dezutes-smulkmenom-322-x-279-x-297mm-4vnt","status":"publish","type":"product","link":"https:\/\/irankiuzona.lt\/ru\/product\/dezutes-smulkmenom-322-x-279-x-297mm-4vnt\/","title":{"rendered":"D\u0117\u017eut\u0117s smulkmenom 322 x 279 x 297mm 4vnt."},"content":{"rendered":"<p>322 x 279 x 297mm<\/p>","protected":false},"excerpt":{"rendered":"<p>D\u0117\u017eut\u0117s smulkmenom 322 x 279 x 297mm 4vnt.<\/p>","protected":false},"featured_media":373333,"comment_status":"open","ping_status":"open","template":"","meta":[],"product_cat":[10015],"product_tag":[9439],"class_list":{"0":"post-373331","1":"product","2":"type-product","3":"status-publish","4":"has-post-thumbnail","6":"product_brand-toko-olandija","7":"product_cat-dezutes-smulkmenoms","8":"product_tag-toko-olandija","10":"first","11":"instock","12":"purchasable","13":"product-type-simple"},"jetpack_sharing_enabled":true,"_links":{"self":[{"href":"https:\/\/irankiuzona.lt\/ru\/wp-json\/wp\/v2\/product\/373331","targetHints":{"allow":["GET"]}}],"collection":[{"href":"https:\/\/irankiuzona.lt\/ru\/wp-json\/wp\/v2\/product"}],"about":[{"href":"https:\/\/irankiuzona.lt\/ru\/wp-json\/wp\/v2\/types\/product"}],"replies":[{"embeddable":true,"href":"https:\/\/irankiuzona.lt\/ru\/wp-json\/wp\/v2\/comments?post=373331"}],"version-history":[{"count":1,"href":"https:\/\/irankiuzona.lt\/ru\/wp-json\/wp\/v2\/product\/373331\/revisions"}],"predecessor-version":[{"id":425954,"href":"https:\/\/irankiuzona.lt\/ru\/wp-json\/wp\/v2\/product\/373331\/revisions\/425954"}],"wp:featuredmedia":[{"embeddable":true,"href":"https:\/\/irankiuzona.lt\/ru\/wp-json\/wp\/v2\/media\/373333"}],"wp:attachment":[{"href":"https:\/\/irankiuzona.lt\/ru\/wp-json\/wp\/v2\/media?parent=373331"}],"wp:term":[{"taxonomy":"product_cat","embeddable":true,"href":"https:\/\/irankiuzona.lt\/ru\/wp-json\/wp\/v2\/product_cat?post=373331"},{"taxonomy":"product_tag","embeddable":true,"href":"https:\/\/irankiuzona.lt\/ru\/wp-json\/wp\/v2\/product_tag?post=373331"}],"curies":[{"name":"wp","href":"https:\/\/api.w.org\/{rel}","templated":true}]}}