{"id":373340,"date":"2024-12-23T13:09:03","date_gmt":"2024-12-23T13:09:03","guid":{"rendered":"https:\/\/irankiuzona.lt\/product\/domkratas-pneumatinis-6t-150-400mm\/"},"modified":"2026-04-15T16:05:40","modified_gmt":"2026-04-15T16:05:40","slug":"domkratas-pneumatinis-6t-150-400mm","status":"publish","type":"product","link":"https:\/\/irankiuzona.lt\/ru\/product\/domkratas-pneumatinis-6t-150-400mm\/","title":{"rendered":"Domkratas pneumatinis 6T 150-400mm"},"content":{"rendered":"<p>Maksimali apkrova: 6000 kgMinimalus k\u0117limo auk\u0161tis: nuo 150 mmMaksimalus k\u0117limo auk\u0161tis: iki 400 mmDarbinis sl\u0117gis: 5 &#8211; 10 bar\u0173<\/p>","protected":false},"excerpt":{"rendered":"<p>Domkratas pneumatinis 6T 150-400mm<\/p>","protected":false},"featured_media":373342,"comment_status":"open","ping_status":"closed","template":"","meta":[],"product_cat":[10056],"product_tag":[],"class_list":{"0":"post-373340","1":"product","2":"type-product","3":"status-publish","4":"has-post-thumbnail","6":"product_cat-domkratai-su-oro-pagalvemis","8":"first","9":"instock","10":"purchasable","11":"product-type-simple"},"jetpack_sharing_enabled":true,"_links":{"self":[{"href":"https:\/\/irankiuzona.lt\/ru\/wp-json\/wp\/v2\/product\/373340","targetHints":{"allow":["GET"]}}],"collection":[{"href":"https:\/\/irankiuzona.lt\/ru\/wp-json\/wp\/v2\/product"}],"about":[{"href":"https:\/\/irankiuzona.lt\/ru\/wp-json\/wp\/v2\/types\/product"}],"replies":[{"embeddable":true,"href":"https:\/\/irankiuzona.lt\/ru\/wp-json\/wp\/v2\/comments?post=373340"}],"version-history":[{"count":1,"href":"https:\/\/irankiuzona.lt\/ru\/wp-json\/wp\/v2\/product\/373340\/revisions"}],"predecessor-version":[{"id":425958,"href":"https:\/\/irankiuzona.lt\/ru\/wp-json\/wp\/v2\/product\/373340\/revisions\/425958"}],"wp:featuredmedia":[{"embeddable":true,"href":"https:\/\/irankiuzona.lt\/ru\/wp-json\/wp\/v2\/media\/373342"}],"wp:attachment":[{"href":"https:\/\/irankiuzona.lt\/ru\/wp-json\/wp\/v2\/media?parent=373340"}],"wp:term":[{"taxonomy":"product_cat","embeddable":true,"href":"https:\/\/irankiuzona.lt\/ru\/wp-json\/wp\/v2\/product_cat?post=373340"},{"taxonomy":"product_tag","embeddable":true,"href":"https:\/\/irankiuzona.lt\/ru\/wp-json\/wp\/v2\/product_tag?post=373340"}],"curies":[{"name":"wp","href":"https:\/\/api.w.org\/{rel}","templated":true}]}}