{"id":373343,"date":"2024-12-23T13:09:05","date_gmt":"2024-12-23T13:09:05","guid":{"rendered":"https:\/\/irankiuzona.lt\/product\/smeliasrove-smeliapute-76l-3\/"},"modified":"2026-04-16T12:21:43","modified_gmt":"2026-04-16T12:21:43","slug":"smeliasrove-smeliapute-76l-3","status":"publish","type":"product","link":"https:\/\/irankiuzona.lt\/ru\/product\/smeliasrove-smeliapute-76l-3\/","title":{"rendered":"Sm\u0117liasrov\u0117\/sm\u0117liap\u016bt\u0117 76L"},"content":{"rendered":"<p>Bako talpa &#8211; 76 LDarbinis sl\u0117gis &#8211; 4,5-8 barai\u017darnos ilgis &#8211; 3 msvoris &#8211; 25 kg<\/p>","protected":false},"excerpt":{"rendered":"<p>Sm\u0117liasrov\u0117\/sm\u0117liap\u016bt\u0117 76L<\/p>","protected":false},"featured_media":373345,"comment_status":"open","ping_status":"open","template":"","meta":[],"product_cat":[9896],"product_tag":[],"class_list":{"0":"post-373343","1":"product","2":"type-product","3":"status-publish","4":"has-post-thumbnail","6":"product_cat-smeliasroves-irankiai-smeliavimui-plovykles","8":"first","9":"instock","10":"purchasable","11":"product-type-simple"},"jetpack_sharing_enabled":true,"_links":{"self":[{"href":"https:\/\/irankiuzona.lt\/ru\/wp-json\/wp\/v2\/product\/373343","targetHints":{"allow":["GET"]}}],"collection":[{"href":"https:\/\/irankiuzona.lt\/ru\/wp-json\/wp\/v2\/product"}],"about":[{"href":"https:\/\/irankiuzona.lt\/ru\/wp-json\/wp\/v2\/types\/product"}],"replies":[{"embeddable":true,"href":"https:\/\/irankiuzona.lt\/ru\/wp-json\/wp\/v2\/comments?post=373343"}],"version-history":[{"count":1,"href":"https:\/\/irankiuzona.lt\/ru\/wp-json\/wp\/v2\/product\/373343\/revisions"}],"predecessor-version":[{"id":425959,"href":"https:\/\/irankiuzona.lt\/ru\/wp-json\/wp\/v2\/product\/373343\/revisions\/425959"}],"wp:featuredmedia":[{"embeddable":true,"href":"https:\/\/irankiuzona.lt\/ru\/wp-json\/wp\/v2\/media\/373345"}],"wp:attachment":[{"href":"https:\/\/irankiuzona.lt\/ru\/wp-json\/wp\/v2\/media?parent=373343"}],"wp:term":[{"taxonomy":"product_cat","embeddable":true,"href":"https:\/\/irankiuzona.lt\/ru\/wp-json\/wp\/v2\/product_cat?post=373343"},{"taxonomy":"product_tag","embeddable":true,"href":"https:\/\/irankiuzona.lt\/ru\/wp-json\/wp\/v2\/product_tag?post=373343"}],"curies":[{"name":"wp","href":"https:\/\/api.w.org\/{rel}","templated":true}]}}