{"id":373352,"date":"2024-12-23T13:09:11","date_gmt":"2024-12-23T13:09:11","guid":{"rendered":"https:\/\/irankiuzona.lt\/product\/domkratas-hidraulinis-3ton-145-500mm\/"},"modified":"2026-05-06T23:38:38","modified_gmt":"2026-05-06T23:38:38","slug":"domkratas-hidraulinis-3ton-145-500mm","status":"publish","type":"product","link":"https:\/\/irankiuzona.lt\/ru\/product\/domkratas-hidraulinis-3ton-145-500mm\/","title":{"rendered":"Domkratas hidraulinis 3Ton 145-500mm"},"content":{"rendered":"<p>Privalumai:Galima dirbti prie-20 \u00b0C temperat\u016brosPatogus ried\u0117jimas po pagrindu naudojant ratus;Nuimama rankena, kad b\u016bt\u0173 galima skland\u017eiai kelti su minimaliomis pastangomisDomkratas yra optimalus automobili\u0173 servisams ir padang\u0173 centrams.Domkrato elementai pagaminti i\u0161 itin tvirto ir patvaraus metalo.<br \/>\nK\u0117limo galia: iki 3 ton\u0173K\u0117limo auk\u0161tis: 145-500mmSvoris: 36.75 kg.<\/p>","protected":false},"excerpt":{"rendered":"<p>Domkratas hidraulinis 3Ton 145-500mm<\/p>","protected":false},"featured_media":373354,"comment_status":"open","ping_status":"closed","template":"","meta":[],"product_cat":[9959],"product_tag":[10143],"class_list":{"0":"post-373352","1":"product","2":"type-product","3":"status-publish","4":"has-post-thumbnail","6":"product_brand-jcb","7":"product_cat-domkratai-hidrauliniai","8":"product_tag-jcb","10":"first","11":"instock","12":"purchasable","13":"product-type-simple"},"jetpack_sharing_enabled":true,"_links":{"self":[{"href":"https:\/\/irankiuzona.lt\/ru\/wp-json\/wp\/v2\/product\/373352","targetHints":{"allow":["GET"]}}],"collection":[{"href":"https:\/\/irankiuzona.lt\/ru\/wp-json\/wp\/v2\/product"}],"about":[{"href":"https:\/\/irankiuzona.lt\/ru\/wp-json\/wp\/v2\/types\/product"}],"replies":[{"embeddable":true,"href":"https:\/\/irankiuzona.lt\/ru\/wp-json\/wp\/v2\/comments?post=373352"}],"version-history":[{"count":1,"href":"https:\/\/irankiuzona.lt\/ru\/wp-json\/wp\/v2\/product\/373352\/revisions"}],"predecessor-version":[{"id":425965,"href":"https:\/\/irankiuzona.lt\/ru\/wp-json\/wp\/v2\/product\/373352\/revisions\/425965"}],"wp:featuredmedia":[{"embeddable":true,"href":"https:\/\/irankiuzona.lt\/ru\/wp-json\/wp\/v2\/media\/373354"}],"wp:attachment":[{"href":"https:\/\/irankiuzona.lt\/ru\/wp-json\/wp\/v2\/media?parent=373352"}],"wp:term":[{"taxonomy":"product_cat","embeddable":true,"href":"https:\/\/irankiuzona.lt\/ru\/wp-json\/wp\/v2\/product_cat?post=373352"},{"taxonomy":"product_tag","embeddable":true,"href":"https:\/\/irankiuzona.lt\/ru\/wp-json\/wp\/v2\/product_tag?post=373352"}],"curies":[{"name":"wp","href":"https:\/\/api.w.org\/{rel}","templated":true}]}}