{"id":373355,"date":"2024-12-23T13:09:14","date_gmt":"2024-12-23T13:09:14","guid":{"rendered":"https:\/\/irankiuzona.lt\/product\/domkratas-hidraulinis-3ton-135-465mm\/"},"modified":"2026-05-06T23:38:39","modified_gmt":"2026-05-06T23:38:39","slug":"domkratas-hidraulinis-3ton-135-465mm","status":"publish","type":"product","link":"https:\/\/irankiuzona.lt\/ru\/product\/domkratas-hidraulinis-3ton-135-465mm\/","title":{"rendered":"Domkratas hidraulinis 3Ton 135-465mm"},"content":{"rendered":"<p>K\u0117limo galia: iki 3 ton\u0173K\u0117limo auk\u0161tis: 135-465 mmSvoris: 22,6 kg.<\/p>","protected":false},"excerpt":{"rendered":"<p>Domkratas hidraulinis 3Ton 135-465mm<\/p>","protected":false},"featured_media":373357,"comment_status":"open","ping_status":"closed","template":"","meta":[],"product_cat":[9959],"product_tag":[10148],"class_list":{"0":"post-373355","1":"product","2":"type-product","3":"status-publish","4":"has-post-thumbnail","6":"product_brand-scheppach","7":"product_cat-domkratai-hidrauliniai","8":"product_tag-scheppach","10":"first","11":"outofstock","12":"purchasable","13":"product-type-simple"},"jetpack_sharing_enabled":true,"_links":{"self":[{"href":"https:\/\/irankiuzona.lt\/ru\/wp-json\/wp\/v2\/product\/373355","targetHints":{"allow":["GET"]}}],"collection":[{"href":"https:\/\/irankiuzona.lt\/ru\/wp-json\/wp\/v2\/product"}],"about":[{"href":"https:\/\/irankiuzona.lt\/ru\/wp-json\/wp\/v2\/types\/product"}],"replies":[{"embeddable":true,"href":"https:\/\/irankiuzona.lt\/ru\/wp-json\/wp\/v2\/comments?post=373355"}],"version-history":[{"count":1,"href":"https:\/\/irankiuzona.lt\/ru\/wp-json\/wp\/v2\/product\/373355\/revisions"}],"predecessor-version":[{"id":425972,"href":"https:\/\/irankiuzona.lt\/ru\/wp-json\/wp\/v2\/product\/373355\/revisions\/425972"}],"wp:featuredmedia":[{"embeddable":true,"href":"https:\/\/irankiuzona.lt\/ru\/wp-json\/wp\/v2\/media\/373357"}],"wp:attachment":[{"href":"https:\/\/irankiuzona.lt\/ru\/wp-json\/wp\/v2\/media?parent=373355"}],"wp:term":[{"taxonomy":"product_cat","embeddable":true,"href":"https:\/\/irankiuzona.lt\/ru\/wp-json\/wp\/v2\/product_cat?post=373355"},{"taxonomy":"product_tag","embeddable":true,"href":"https:\/\/irankiuzona.lt\/ru\/wp-json\/wp\/v2\/product_tag?post=373355"}],"curies":[{"name":"wp","href":"https:\/\/api.w.org\/{rel}","templated":true}]}}