{"id":373444,"date":"2025-01-01T17:48:14","date_gmt":"2025-01-01T17:48:14","guid":{"rendered":"https:\/\/irankiuzona.lt\/product\/darbo-svarkas-tauber-s-dydis\/"},"modified":"2026-05-10T07:29:23","modified_gmt":"2026-05-10T07:29:23","slug":"darbo-svarkas-tauber-s-dydis","status":"publish","type":"product","link":"https:\/\/irankiuzona.lt\/ru\/product\/darbo-svarkas-tauber-s-dydis\/","title":{"rendered":"Darbo \u0161varkas TAUBER, S dydis"},"content":{"rendered":"<p>B\u016bdingaslabai elastinga med\u017eiaga, u\u017etikrinanti jud\u0117jimo laisv\u0119;greitai d\u017ei\u016bstantis audinys;med\u017eiagos svoris 250 g\/m\u00b2;med\u017eiaga: audinys 92% poliamidas, 8% elastanas;pagamintas pagal EN ISO 13688:2013 standart\u0105;sutvirtinimai ant pe\u010di\u0173 i\u0161 labai patvaraus CORDURA audinio;YKK u\u017etrauktukas;smakro apsauga;2 Velcro ki\u0161en\u0117s kr\u016btin\u0117je;1 YKK ki\u0161en\u0117 su u\u017etrauktuku;2 apatin\u0117s ki\u0161en\u0117s \u2013 u\u017etrauktuku;pa\u017east\u0173 ventiliacija su u\u017etrauktuku;\u012frengtas D \u017eiedas \u017eenkleliui pakabinti;Velcro u\u017esegamas rankogalis;\u0161vies\u0105 atspindintys elementai \u2013 megztinio priekis ir galas;apr\u016bpinta stovima apykakle.<\/p>","protected":false},"excerpt":{"rendered":"<p>Darbo \u0161varkas TAUBER, S dydis<\/p>","protected":false},"featured_media":373446,"comment_status":"open","ping_status":"open","template":"","meta":[],"product_cat":[10007],"product_tag":[9969],"class_list":{"0":"post-373444","1":"product","2":"type-product","3":"status-publish","4":"has-post-thumbnail","6":"product_brand-hogert-technik-vokietija","7":"product_cat-darbiniai-svarkai","8":"product_tag-hogert-technik-vokietija","10":"first","11":"instock","12":"purchasable","13":"product-type-simple"},"jetpack_sharing_enabled":true,"_links":{"self":[{"href":"https:\/\/irankiuzona.lt\/ru\/wp-json\/wp\/v2\/product\/373444","targetHints":{"allow":["GET"]}}],"collection":[{"href":"https:\/\/irankiuzona.lt\/ru\/wp-json\/wp\/v2\/product"}],"about":[{"href":"https:\/\/irankiuzona.lt\/ru\/wp-json\/wp\/v2\/types\/product"}],"replies":[{"embeddable":true,"href":"https:\/\/irankiuzona.lt\/ru\/wp-json\/wp\/v2\/comments?post=373444"}],"version-history":[{"count":1,"href":"https:\/\/irankiuzona.lt\/ru\/wp-json\/wp\/v2\/product\/373444\/revisions"}],"predecessor-version":[{"id":425977,"href":"https:\/\/irankiuzona.lt\/ru\/wp-json\/wp\/v2\/product\/373444\/revisions\/425977"}],"wp:featuredmedia":[{"embeddable":true,"href":"https:\/\/irankiuzona.lt\/ru\/wp-json\/wp\/v2\/media\/373446"}],"wp:attachment":[{"href":"https:\/\/irankiuzona.lt\/ru\/wp-json\/wp\/v2\/media?parent=373444"}],"wp:term":[{"taxonomy":"product_cat","embeddable":true,"href":"https:\/\/irankiuzona.lt\/ru\/wp-json\/wp\/v2\/product_cat?post=373444"},{"taxonomy":"product_tag","embeddable":true,"href":"https:\/\/irankiuzona.lt\/ru\/wp-json\/wp\/v2\/product_tag?post=373444"}],"curies":[{"name":"wp","href":"https:\/\/api.w.org\/{rel}","templated":true}]}}