{"id":373447,"date":"2025-01-01T17:48:16","date_gmt":"2025-01-01T17:48:16","guid":{"rendered":"https:\/\/irankiuzona.lt\/product\/dzemperis-flisinis-melynos-sp-s-dydis\/"},"modified":"2026-05-10T03:47:07","modified_gmt":"2026-05-10T03:47:07","slug":"dzemperis-flisinis-melynos-sp-s-dydis","status":"publish","type":"product","link":"https:\/\/irankiuzona.lt\/ru\/product\/dzemperis-flisinis-melynos-sp-s-dydis\/","title":{"rendered":"D\u017eemperis flisinis, m\u0117lynos sp., S dydis"},"content":{"rendered":"<p>med\u017eiaga: trikota\u017eas 100% poliesteris 290 g\/m\u00b2;2 apatin\u0117s ki\u0161en\u0117s su u\u017etrauktuku;reguliuojama megztinio apa\u010dia, kuri tiksliai priglunda prie k\u016bno ir apsaugo nuo \u0161ilumos praradimo;guminis rankogalis;klasikinis, sportinis stilius.<\/p>","protected":false},"excerpt":{"rendered":"<p>D\u017eemperis flisinis, m\u0117lynos sp., S dydis<\/p>","protected":false},"featured_media":373449,"comment_status":"open","ping_status":"open","template":"","meta":[],"product_cat":[10082],"product_tag":[9969],"class_list":{"0":"post-373447","1":"product","2":"type-product","3":"status-publish","4":"has-post-thumbnail","6":"product_brand-hogert-technik-vokietija","7":"product_cat-darbiniai-dzemperiai","8":"product_tag-hogert-technik-vokietija","10":"first","11":"outofstock","12":"purchasable","13":"product-type-simple"},"jetpack_sharing_enabled":true,"_links":{"self":[{"href":"https:\/\/irankiuzona.lt\/ru\/wp-json\/wp\/v2\/product\/373447","targetHints":{"allow":["GET"]}}],"collection":[{"href":"https:\/\/irankiuzona.lt\/ru\/wp-json\/wp\/v2\/product"}],"about":[{"href":"https:\/\/irankiuzona.lt\/ru\/wp-json\/wp\/v2\/types\/product"}],"replies":[{"embeddable":true,"href":"https:\/\/irankiuzona.lt\/ru\/wp-json\/wp\/v2\/comments?post=373447"}],"version-history":[{"count":1,"href":"https:\/\/irankiuzona.lt\/ru\/wp-json\/wp\/v2\/product\/373447\/revisions"}],"predecessor-version":[{"id":425980,"href":"https:\/\/irankiuzona.lt\/ru\/wp-json\/wp\/v2\/product\/373447\/revisions\/425980"}],"wp:featuredmedia":[{"embeddable":true,"href":"https:\/\/irankiuzona.lt\/ru\/wp-json\/wp\/v2\/media\/373449"}],"wp:attachment":[{"href":"https:\/\/irankiuzona.lt\/ru\/wp-json\/wp\/v2\/media?parent=373447"}],"wp:term":[{"taxonomy":"product_cat","embeddable":true,"href":"https:\/\/irankiuzona.lt\/ru\/wp-json\/wp\/v2\/product_cat?post=373447"},{"taxonomy":"product_tag","embeddable":true,"href":"https:\/\/irankiuzona.lt\/ru\/wp-json\/wp\/v2\/product_tag?post=373447"}],"curies":[{"name":"wp","href":"https:\/\/api.w.org\/{rel}","templated":true}]}}