{"id":373453,"date":"2025-01-01T17:48:20","date_gmt":"2025-01-01T17:48:20","guid":{"rendered":"https:\/\/irankiuzona.lt\/product\/darbines-kelnes-tauber-m-dydis\/"},"modified":"2026-05-10T01:18:31","modified_gmt":"2026-05-10T01:18:31","slug":"darbines-kelnes-tauber-m-dydis","status":"publish","type":"product","link":"https:\/\/irankiuzona.lt\/ru\/product\/darbines-kelnes-tauber-m-dydis\/","title":{"rendered":"Darbin\u0117s keln\u0117s TAUBER, M dydis"},"content":{"rendered":"<p>TAUBER profesionalios vyri\u0161kos apsaugin\u0117s keln\u0117s pagamintos i\u0161 auk\u0161\u010diausios kokyb\u0117s med\u017eiag\u0173. Ypa\u010d elastingas poliamido\/elastano audinys 4-WAY STRETCH &#8211; tamprus \u012f visas keturias kryptis maksimaliam komfortui,garantuojantis judesi\u0173 laisv\u0119. Elastinis intarpas tarpkojyje dar didesnei judesi\u0173 laisvei ir patvarumui. Labiausiai besid\u0117vin\u010dios drabu\u017eio vietos &#8211; ki\u0161en\u0117s, kelni\u0173 apa\u010dia ir keli\u0173 sritis &#8211; sutvirtintos CORDURA audiniu, kuris yra patentuotas ir unikalus, pasi\u017eymi ilgaam\u017ei\u0161kumu, tvirtumu, atsparumu trin\u010diai ir ply\u0161imams bei dr\u0117gmei (impregnuotas). U\u017epakalin\u0117je dalyje du vertikal\u016bs u\u017etrauktukai ant \u0161laun\u0173 koj\u0173 ventiliacijai. At\u0161vaitin\u0117s juostel\u0117s kelni\u0173 priekyje ir nugarin\u0117je pus\u0117je u\u017etikrina matomum\u0105 tamsiu paros metu. Visos pagrindin\u0117s si\u016bl\u0117s prasi\u016btos triguba si\u016ble.YKK pagrindinis u\u017etrauktukas. Vidin\u0117 elastin\u0117 juosta juosmens srityje, kuri prilaiko kelnes vietoje ir neleid\u017eia nusmukti. Yra daug funkcionali\u0173 ki\u0161eni\u0173 kelni\u0173 priekyje, \u0161onuose, gale. Didelis ki\u0161eni\u0173 skai\u010dius turi \u012ftakos gaminio patogumui ir u\u017etikrina, kad \u012frankiai visada b\u016bt\u0173 po ranka. Kabomosios ki\u0161en\u0117s ties juosmeniu abiejose pus\u0117se gali b\u016bti lengvai nusegamos u\u017etrauktuko pagalba. Papildomos ki\u0161en\u0117s ties keliais \u012fdedamiems antkeliams. Galimas lengvas kelni\u0173 prailginimas iki 3 cm. Puikiai tinka gamybos, statybos, transporto darbuotojams ir automobili\u0173 mechanikams. Jos idealiai tinka aptarnavimo, montavimo ir techniniams darbams. Audinys: 92% poliamidas, 8% elastanas, pavir\u0161inis tankis &#8211; 250 g\/m2. Spalva: pilka.<\/p>\n<p>Audinio sud\u0117tis: 92 % poliamidas, 8 % elastanas<br \/>\nSvoris: 250 g\/m2<br \/>\nSpalva: pilka<\/p>","protected":false},"excerpt":{"rendered":"<p>Darbin\u0117s keln\u0117s TAUBER, M dydis<\/p>","protected":false},"featured_media":373455,"comment_status":"open","ping_status":"open","template":"","meta":[],"product_cat":[9992],"product_tag":[9969],"class_list":{"0":"post-373453","1":"product","2":"type-product","3":"status-publish","4":"has-post-thumbnail","6":"product_brand-hogert-technik-vokietija","7":"product_cat-darbines-kelnes","8":"product_tag-hogert-technik-vokietija","10":"first","11":"instock","12":"purchasable","13":"product-type-simple"},"jetpack_sharing_enabled":true,"_links":{"self":[{"href":"https:\/\/irankiuzona.lt\/ru\/wp-json\/wp\/v2\/product\/373453","targetHints":{"allow":["GET"]}}],"collection":[{"href":"https:\/\/irankiuzona.lt\/ru\/wp-json\/wp\/v2\/product"}],"about":[{"href":"https:\/\/irankiuzona.lt\/ru\/wp-json\/wp\/v2\/types\/product"}],"replies":[{"embeddable":true,"href":"https:\/\/irankiuzona.lt\/ru\/wp-json\/wp\/v2\/comments?post=373453"}],"version-history":[{"count":1,"href":"https:\/\/irankiuzona.lt\/ru\/wp-json\/wp\/v2\/product\/373453\/revisions"}],"predecessor-version":[{"id":425989,"href":"https:\/\/irankiuzona.lt\/ru\/wp-json\/wp\/v2\/product\/373453\/revisions\/425989"}],"wp:featuredmedia":[{"embeddable":true,"href":"https:\/\/irankiuzona.lt\/ru\/wp-json\/wp\/v2\/media\/373455"}],"wp:attachment":[{"href":"https:\/\/irankiuzona.lt\/ru\/wp-json\/wp\/v2\/media?parent=373453"}],"wp:term":[{"taxonomy":"product_cat","embeddable":true,"href":"https:\/\/irankiuzona.lt\/ru\/wp-json\/wp\/v2\/product_cat?post=373453"},{"taxonomy":"product_tag","embeddable":true,"href":"https:\/\/irankiuzona.lt\/ru\/wp-json\/wp\/v2\/product_tag?post=373453"}],"curies":[{"name":"wp","href":"https:\/\/api.w.org\/{rel}","templated":true}]}}