{"id":373653,"date":"2025-01-14T20:00:15","date_gmt":"2025-01-14T20:00:15","guid":{"rendered":"https:\/\/irankiuzona.lt\/product\/langu-apdailu-nuemimo-irankis\/"},"modified":"2026-05-16T16:25:06","modified_gmt":"2026-05-16T16:25:06","slug":"langu-apdailu-nuemimo-irankis","status":"publish","type":"product","link":"https:\/\/irankiuzona.lt\/ru\/product\/langu-apdailu-nuemimo-irankis\/","title":{"rendered":"Lang\u0173 apdail\u0173 nu\u0117mimo \u012frankis"},"content":{"rendered":"<p>Greitai padeda nuimti apdailasDengtas milteliniu b\u016bdu, kad b\u016bt\u0173 patvarus ir patogus naudoti prie stikloUniversalus<\/p>","protected":false},"excerpt":{"rendered":"<p>Lang\u0173 apdail\u0173 nu\u0117mimo \u012frankis<\/p>","protected":false},"featured_media":373655,"comment_status":"open","ping_status":"open","template":"","meta":[],"product_cat":[9529],"product_tag":[9435],"class_list":{"0":"post-373653","1":"product","2":"type-product","3":"status-publish","4":"has-post-thumbnail","6":"product_brand-kinija","7":"product_cat-irankiai-apdailos-ardymui","8":"product_tag-kinija","10":"first","11":"outofstock","12":"purchasable","13":"product-type-simple"},"jetpack_sharing_enabled":true,"_links":{"self":[{"href":"https:\/\/irankiuzona.lt\/ru\/wp-json\/wp\/v2\/product\/373653","targetHints":{"allow":["GET"]}}],"collection":[{"href":"https:\/\/irankiuzona.lt\/ru\/wp-json\/wp\/v2\/product"}],"about":[{"href":"https:\/\/irankiuzona.lt\/ru\/wp-json\/wp\/v2\/types\/product"}],"replies":[{"embeddable":true,"href":"https:\/\/irankiuzona.lt\/ru\/wp-json\/wp\/v2\/comments?post=373653"}],"version-history":[{"count":1,"href":"https:\/\/irankiuzona.lt\/ru\/wp-json\/wp\/v2\/product\/373653\/revisions"}],"predecessor-version":[{"id":425737,"href":"https:\/\/irankiuzona.lt\/ru\/wp-json\/wp\/v2\/product\/373653\/revisions\/425737"}],"wp:featuredmedia":[{"embeddable":true,"href":"https:\/\/irankiuzona.lt\/ru\/wp-json\/wp\/v2\/media\/373655"}],"wp:attachment":[{"href":"https:\/\/irankiuzona.lt\/ru\/wp-json\/wp\/v2\/media?parent=373653"}],"wp:term":[{"taxonomy":"product_cat","embeddable":true,"href":"https:\/\/irankiuzona.lt\/ru\/wp-json\/wp\/v2\/product_cat?post=373653"},{"taxonomy":"product_tag","embeddable":true,"href":"https:\/\/irankiuzona.lt\/ru\/wp-json\/wp\/v2\/product_tag?post=373653"}],"curies":[{"name":"wp","href":"https:\/\/api.w.org\/{rel}","templated":true}]}}