{"id":373775,"date":"2025-01-14T20:03:23","date_gmt":"2025-01-14T20:03:23","guid":{"rendered":"https:\/\/irankiuzona.lt\/product\/aerozolinis-stabdziu-disku-valiklis-brake-cleaner-450ml\/"},"modified":"2026-05-14T15:31:33","modified_gmt":"2026-05-14T15:31:33","slug":"aerozolinis-stabdziu-disku-valiklis-brake-cleaner-450ml","status":"publish","type":"product","link":"https:\/\/irankiuzona.lt\/ru\/product\/aerozolinis-stabdziu-disku-valiklis-brake-cleaner-450ml\/","title":{"rendered":"Aerozolinis stabd\u017ei\u0173 disk\u0173 valiklis  Brake Cleaner 450ml"},"content":{"rendered":"<p>MANNOL Brake Cleaner yra specialus valiklis visoms atskiroms stabd\u017ei\u0173 sistemos dalims. Jis pasi\u017eymi puikiomis valymo savyb\u0117mis ir tinka stabd\u017ei\u0173 kalad\u0117l\u0117ms ir diskams valyti. Pa\u0161alina ne\u0161varumus, alyv\u0105, tepalus, stabd\u017ei\u0173 skyst\u012f, kitus naftos chemijos produktus ir sudegusius techninius skys\u010dius.<\/p>","protected":false},"excerpt":{"rendered":"<p>Aerozolinis stabd\u017ei\u0173 disk\u0173 valiklis\u00a0 Brake Cleaner 450ml<\/p>","protected":false},"featured_media":373777,"comment_status":"open","ping_status":"open","template":"","meta":[],"product_cat":[9824],"product_tag":[],"class_list":{"0":"post-373775","1":"product","2":"type-product","3":"status-publish","4":"has-post-thumbnail","6":"product_cat-autochemija","8":"first","9":"instock","10":"purchasable","11":"product-type-simple"},"jetpack_sharing_enabled":true,"_links":{"self":[{"href":"https:\/\/irankiuzona.lt\/ru\/wp-json\/wp\/v2\/product\/373775","targetHints":{"allow":["GET"]}}],"collection":[{"href":"https:\/\/irankiuzona.lt\/ru\/wp-json\/wp\/v2\/product"}],"about":[{"href":"https:\/\/irankiuzona.lt\/ru\/wp-json\/wp\/v2\/types\/product"}],"replies":[{"embeddable":true,"href":"https:\/\/irankiuzona.lt\/ru\/wp-json\/wp\/v2\/comments?post=373775"}],"version-history":[{"count":1,"href":"https:\/\/irankiuzona.lt\/ru\/wp-json\/wp\/v2\/product\/373775\/revisions"}],"predecessor-version":[{"id":426014,"href":"https:\/\/irankiuzona.lt\/ru\/wp-json\/wp\/v2\/product\/373775\/revisions\/426014"}],"wp:featuredmedia":[{"embeddable":true,"href":"https:\/\/irankiuzona.lt\/ru\/wp-json\/wp\/v2\/media\/373777"}],"wp:attachment":[{"href":"https:\/\/irankiuzona.lt\/ru\/wp-json\/wp\/v2\/media?parent=373775"}],"wp:term":[{"taxonomy":"product_cat","embeddable":true,"href":"https:\/\/irankiuzona.lt\/ru\/wp-json\/wp\/v2\/product_cat?post=373775"},{"taxonomy":"product_tag","embeddable":true,"href":"https:\/\/irankiuzona.lt\/ru\/wp-json\/wp\/v2\/product_tag?post=373775"}],"curies":[{"name":"wp","href":"https:\/\/api.w.org\/{rel}","templated":true}]}}