{"id":373784,"date":"2025-01-14T20:03:28","date_gmt":"2025-01-14T20:03:28","guid":{"rendered":"https:\/\/irankiuzona.lt\/product\/padangu-borto-fiksatorius\/"},"modified":"2026-04-15T13:34:28","modified_gmt":"2026-04-15T13:34:28","slug":"padangu-borto-fiksatorius","status":"publish","type":"product","link":"https:\/\/irankiuzona.lt\/ru\/product\/padangu-borto-fiksatorius\/","title":{"rendered":"Padang\u0173 borto fiksatorius"},"content":{"rendered":"<p>Didel\u0117s apkrovos padang\u0173 keitiklio karoliuko gnybtas<br \/>\nNuleid\u017eia padangos briaun\u0105 iki nukritimo rato centroStumdomas apatinis kreiptuvas suma\u017eina \u012frankio ir padangos apkrov\u0105Laiko padangos bortel\u012f \u017eemiau ratlankio flan\u0161o, kad padanga b\u016bt\u0173 greitai sumontuotaGali u\u017ekirsti keli\u0105 padangos briaunoms ir rato pa\u017eeidimams d\u0117l per didelio \u012ftempimoPatvarus ir nepa\u017eeid\u017eia rat\u0173Matmenys: 7 coliai (ilgis) x 4 coliai (plotis) x 2,1 colio (auk\u0161tis)Med\u017eiagos: nailono polimeras<\/p>","protected":false},"excerpt":{"rendered":"<p>Padang\u0173 borto fiksatorius<\/p>","protected":false},"featured_media":373786,"comment_status":"open","ping_status":"open","template":"","meta":[],"product_cat":[9820],"product_tag":[9435],"class_list":{"0":"post-373784","1":"product","2":"type-product","3":"status-publish","4":"has-post-thumbnail","6":"product_brand-kinija","7":"product_cat-irankiai-padangu-remontui","8":"product_tag-kinija","10":"first","11":"instock","12":"purchasable","13":"product-type-simple"},"jetpack_sharing_enabled":true,"_links":{"self":[{"href":"https:\/\/irankiuzona.lt\/ru\/wp-json\/wp\/v2\/product\/373784","targetHints":{"allow":["GET"]}}],"collection":[{"href":"https:\/\/irankiuzona.lt\/ru\/wp-json\/wp\/v2\/product"}],"about":[{"href":"https:\/\/irankiuzona.lt\/ru\/wp-json\/wp\/v2\/types\/product"}],"replies":[{"embeddable":true,"href":"https:\/\/irankiuzona.lt\/ru\/wp-json\/wp\/v2\/comments?post=373784"}],"version-history":[{"count":1,"href":"https:\/\/irankiuzona.lt\/ru\/wp-json\/wp\/v2\/product\/373784\/revisions"}],"predecessor-version":[{"id":426019,"href":"https:\/\/irankiuzona.lt\/ru\/wp-json\/wp\/v2\/product\/373784\/revisions\/426019"}],"wp:featuredmedia":[{"embeddable":true,"href":"https:\/\/irankiuzona.lt\/ru\/wp-json\/wp\/v2\/media\/373786"}],"wp:attachment":[{"href":"https:\/\/irankiuzona.lt\/ru\/wp-json\/wp\/v2\/media?parent=373784"}],"wp:term":[{"taxonomy":"product_cat","embeddable":true,"href":"https:\/\/irankiuzona.lt\/ru\/wp-json\/wp\/v2\/product_cat?post=373784"},{"taxonomy":"product_tag","embeddable":true,"href":"https:\/\/irankiuzona.lt\/ru\/wp-json\/wp\/v2\/product_tag?post=373784"}],"curies":[{"name":"wp","href":"https:\/\/api.w.org\/{rel}","templated":true}]}}