{"id":373787,"date":"2025-01-14T20:03:30","date_gmt":"2025-01-14T20:03:30","guid":{"rendered":"https:\/\/irankiuzona.lt\/product\/irankiu-vezimelis-7-stalciu-pro-su-346-irankiais\/"},"modified":"2026-04-13T08:52:34","modified_gmt":"2026-04-13T08:52:34","slug":"irankiu-vezimelis-7-stalciu-pro-su-346-irankiais","status":"publish","type":"product","link":"https:\/\/irankiuzona.lt\/ru\/product\/irankiu-vezimelis-7-stalciu-pro-su-346-irankiais\/","title":{"rendered":"\u012eranki\u0173 ve\u017eim\u0117lis 7 stal\u010di\u0173 PRO su 346 \u012frankiais"},"content":{"rendered":"<p>Tvirtas \u012franki\u0173 ve\u017eim\u0117lis su stipriu vir\u0161umi (darbastaliu).Komplektacija: 5pilni stal\u010diai su 346 \u012frankiais, sukomplektuoti d\u0117kluose (kiekvienas \u012frankis turi tiksli\u0105 savo viet\u0105 su \u017eym\u0117jimu).2 tu\u0161ti stal\u010diai.I\u0161matavimai:Auk\u0161tis su ratukais 99,5cm \/ auk\u0161tis be ratuk\u0173 82cmPlotis su rankena 79cm Gylis 46,5cmStal\u010di\u0173 i\u0161matavimai: 5 stal\u010diai 550\u00a0x 400\u00a0x 75\u00a0mm2 stal\u010diai 550\u00a0x 400\u00a0x 154\u00a0mm<\/p>","protected":false},"excerpt":{"rendered":"<p>HOGERT HT7G051 profesionalus \u012franki\u0173 ve\u017eim\u0117lis, sukomplektas su 346 \u012frankiais (5 pilni stal\u010diai \u012franki\u0173 d\u0117kluose)<\/p>","protected":false},"featured_media":373789,"comment_status":"open","ping_status":"open","template":"","meta":[],"product_cat":[9943],"product_tag":[9969],"class_list":{"0":"post-373787","1":"product","2":"type-product","3":"status-publish","4":"has-post-thumbnail","6":"product_brand-hogert-technik-vokietija","7":"product_cat-vezimeliai-irankiu-spintos","8":"product_tag-hogert-technik-vokietija","10":"first","11":"instock","12":"purchasable","13":"product-type-simple"},"jetpack_sharing_enabled":true,"_links":{"self":[{"href":"https:\/\/irankiuzona.lt\/ru\/wp-json\/wp\/v2\/product\/373787","targetHints":{"allow":["GET"]}}],"collection":[{"href":"https:\/\/irankiuzona.lt\/ru\/wp-json\/wp\/v2\/product"}],"about":[{"href":"https:\/\/irankiuzona.lt\/ru\/wp-json\/wp\/v2\/types\/product"}],"replies":[{"embeddable":true,"href":"https:\/\/irankiuzona.lt\/ru\/wp-json\/wp\/v2\/comments?post=373787"}],"version-history":[{"count":1,"href":"https:\/\/irankiuzona.lt\/ru\/wp-json\/wp\/v2\/product\/373787\/revisions"}],"predecessor-version":[{"id":426025,"href":"https:\/\/irankiuzona.lt\/ru\/wp-json\/wp\/v2\/product\/373787\/revisions\/426025"}],"wp:featuredmedia":[{"embeddable":true,"href":"https:\/\/irankiuzona.lt\/ru\/wp-json\/wp\/v2\/media\/373789"}],"wp:attachment":[{"href":"https:\/\/irankiuzona.lt\/ru\/wp-json\/wp\/v2\/media?parent=373787"}],"wp:term":[{"taxonomy":"product_cat","embeddable":true,"href":"https:\/\/irankiuzona.lt\/ru\/wp-json\/wp\/v2\/product_cat?post=373787"},{"taxonomy":"product_tag","embeddable":true,"href":"https:\/\/irankiuzona.lt\/ru\/wp-json\/wp\/v2\/product_tag?post=373787"}],"curies":[{"name":"wp","href":"https:\/\/api.w.org\/{rel}","templated":true}]}}