{"id":373877,"date":"2025-01-27T16:45:35","date_gmt":"2025-01-27T16:45:35","guid":{"rendered":"https:\/\/irankiuzona.lt\/product\/galvutes-kuro-vamzdeliams-14mm-17mm-19mm\/"},"modified":"2026-04-15T02:36:36","modified_gmt":"2026-04-15T02:36:36","slug":"galvutes-kuro-vamzdeliams-14mm-17mm-19mm","status":"publish","type":"product","link":"https:\/\/irankiuzona.lt\/ru\/product\/galvutes-kuro-vamzdeliams-14mm-17mm-19mm\/","title":{"rendered":"Galvut\u0117s kuro vamzdeliams 14mm-17mm-19mm"},"content":{"rendered":"<p>Komplekte: 14mm &#8211; 17mm &#8211; 19mm galvut\u0117s purk\u0161tuk\u0173 vamzdeliams.<\/p>","protected":false},"excerpt":{"rendered":"<p>Spec galvut\u0117s vamzdeliams, dyzelino kuro purk\u0161tukams ir \u012fpur\u0161kimo siurbliams. Galvut\u0117s 14-17-19 mm kuro vamzdeliams<\/p>","protected":false},"featured_media":373879,"comment_status":"open","ping_status":"open","template":"","meta":[],"product_cat":[9585],"product_tag":[9483],"class_list":{"0":"post-373877","1":"product","2":"type-product","3":"status-publish","4":"has-post-thumbnail","6":"product_brand-yato-lenkija","7":"product_cat-irankiai-kuro-vamzdeliams","8":"product_tag-yato-lenkija","10":"first","11":"instock","12":"purchasable","13":"product-type-simple"},"jetpack_sharing_enabled":true,"_links":{"self":[{"href":"https:\/\/irankiuzona.lt\/ru\/wp-json\/wp\/v2\/product\/373877","targetHints":{"allow":["GET"]}}],"collection":[{"href":"https:\/\/irankiuzona.lt\/ru\/wp-json\/wp\/v2\/product"}],"about":[{"href":"https:\/\/irankiuzona.lt\/ru\/wp-json\/wp\/v2\/types\/product"}],"replies":[{"embeddable":true,"href":"https:\/\/irankiuzona.lt\/ru\/wp-json\/wp\/v2\/comments?post=373877"}],"version-history":[{"count":1,"href":"https:\/\/irankiuzona.lt\/ru\/wp-json\/wp\/v2\/product\/373877\/revisions"}],"predecessor-version":[{"id":425713,"href":"https:\/\/irankiuzona.lt\/ru\/wp-json\/wp\/v2\/product\/373877\/revisions\/425713"}],"wp:featuredmedia":[{"embeddable":true,"href":"https:\/\/irankiuzona.lt\/ru\/wp-json\/wp\/v2\/media\/373879"}],"wp:attachment":[{"href":"https:\/\/irankiuzona.lt\/ru\/wp-json\/wp\/v2\/media?parent=373877"}],"wp:term":[{"taxonomy":"product_cat","embeddable":true,"href":"https:\/\/irankiuzona.lt\/ru\/wp-json\/wp\/v2\/product_cat?post=373877"},{"taxonomy":"product_tag","embeddable":true,"href":"https:\/\/irankiuzona.lt\/ru\/wp-json\/wp\/v2\/product_tag?post=373877"}],"curies":[{"name":"wp","href":"https:\/\/api.w.org\/{rel}","templated":true}]}}