{"id":373888,"date":"2025-01-27T16:48:15","date_gmt":"2025-01-27T16:48:15","guid":{"rendered":"https:\/\/irankiuzona.lt\/product\/tepalo-surinkimo-issiurbimo-talpa-80l-su-papildomu-bakeliu\/"},"modified":"2026-04-15T01:01:51","modified_gmt":"2026-04-15T01:01:51","slug":"tepalo-surinkimo-issiurbimo-talpa-80l-su-papildomu-bakeliu","status":"publish","type":"product","link":"https:\/\/irankiuzona.lt\/ru\/product\/tepalo-surinkimo-issiurbimo-talpa-80l-su-papildomu-bakeliu\/","title":{"rendered":"Tepalo surinkimo\/i\u0161siurbimo talpa 80L su papildomu bakeliu"},"content":{"rendered":"<p>Bendra bako talpa: 80L<\/p>","protected":false},"excerpt":{"rendered":"<p>Tepalo surinkimo indas ant ratuk\u0173, 80litr\u0173 talpos su papildomu bakeliu. I\u0161traukimo galimyb\u0117 su skirting\u0173 stori\u0173 zondais (tepalo i\u0161traukimo vamzdeliais)<\/p>","protected":false},"featured_media":373890,"comment_status":"open","ping_status":"open","template":"","meta":[],"product_cat":[10031],"product_tag":[9435],"class_list":{"0":"post-373888","1":"product","2":"type-product","3":"status-publish","4":"has-post-thumbnail","6":"product_brand-kinija","7":"product_cat-tepalo-uzpildymo-surinkimo-iranga-talpos-tepalams","8":"product_tag-kinija","10":"first","11":"outofstock","12":"purchasable","13":"product-type-simple"},"jetpack_sharing_enabled":true,"_links":{"self":[{"href":"https:\/\/irankiuzona.lt\/ru\/wp-json\/wp\/v2\/product\/373888","targetHints":{"allow":["GET"]}}],"collection":[{"href":"https:\/\/irankiuzona.lt\/ru\/wp-json\/wp\/v2\/product"}],"about":[{"href":"https:\/\/irankiuzona.lt\/ru\/wp-json\/wp\/v2\/types\/product"}],"replies":[{"embeddable":true,"href":"https:\/\/irankiuzona.lt\/ru\/wp-json\/wp\/v2\/comments?post=373888"}],"version-history":[{"count":1,"href":"https:\/\/irankiuzona.lt\/ru\/wp-json\/wp\/v2\/product\/373888\/revisions"}],"predecessor-version":[{"id":426020,"href":"https:\/\/irankiuzona.lt\/ru\/wp-json\/wp\/v2\/product\/373888\/revisions\/426020"}],"wp:featuredmedia":[{"embeddable":true,"href":"https:\/\/irankiuzona.lt\/ru\/wp-json\/wp\/v2\/media\/373890"}],"wp:attachment":[{"href":"https:\/\/irankiuzona.lt\/ru\/wp-json\/wp\/v2\/media?parent=373888"}],"wp:term":[{"taxonomy":"product_cat","embeddable":true,"href":"https:\/\/irankiuzona.lt\/ru\/wp-json\/wp\/v2\/product_cat?post=373888"},{"taxonomy":"product_tag","embeddable":true,"href":"https:\/\/irankiuzona.lt\/ru\/wp-json\/wp\/v2\/product_tag?post=373888"}],"curies":[{"name":"wp","href":"https:\/\/api.w.org\/{rel}","templated":true}]}}