{"id":373897,"date":"2025-01-27T16:48:22","date_gmt":"2025-01-27T16:48:22","guid":{"rendered":"https:\/\/irankiuzona.lt\/product\/sulankstomas-mechaniko-kilimelis-su-ispjovomis-daiktams\/"},"modified":"2026-04-15T04:37:59","modified_gmt":"2026-04-15T04:37:59","slug":"sulankstomas-mechaniko-kilimelis-su-ispjovomis-daiktams","status":"publish","type":"product","link":"https:\/\/irankiuzona.lt\/ru\/product\/sulankstomas-mechaniko-kilimelis-su-ispjovomis-daiktams\/","title":{"rendered":"Sulankstomas mechaniko kilim\u0117lis su i\u0161pjovomis daiktams"},"content":{"rendered":"<p>Naudokite patogiam darbui ant grind\u0173; sumink\u0161tinkite alk\u016bnes, pe\u010dius, klubus ir kitas k\u016bno dalis, kai dirbate \u012ftemptomis, suvar\u017eytomis pozomis Sulankstomi darbo kilim\u0117liai yra lengvi ir turi \u012fmontuot\u0105 ranken\u0105, tod\u0117l juos lengva ne\u0161iotis ir transportuoti bei patogu pakabinti ir laikyti Galima naudoti sulankstyt\u0105 s\u0117dint, kl\u016bpant arba atlenkt\u0105 dirbant po automobiliu Idealiai tinka darbui ant \u0161alt\u0173 gara\u017eo grind\u0173 ar tiesiog ant \u017eem\u0117s Visas dydis 1200 x 420 x 32 mm 1 sulankstymas 600 x 420 mm | 2 sulankstymas 195 x 420 mm\u00a0\u00a0<br \/>\nTuri i\u0161pjovas patogiam \u012franki\u0173 ar detali\u0173 susid\u0117jimui darbo metu<\/p>","protected":false},"excerpt":{"rendered":"<p>Sulankstomas EVA gultas, kilim\u0117lis mechanikui. Bendras dydis 1200x420x32mm<\/p>","protected":false},"featured_media":373899,"comment_status":"open","ping_status":"open","template":"","meta":[],"product_cat":[9761],"product_tag":[9435],"class_list":{"0":"post-373897","1":"product","2":"type-product","3":"status-publish","4":"has-post-thumbnail","6":"product_brand-kinija","7":"product_cat-mechaniko-gultai-kedutes","8":"product_tag-kinija","10":"first","11":"outofstock","12":"purchasable","13":"product-type-simple"},"jetpack_sharing_enabled":true,"_links":{"self":[{"href":"https:\/\/irankiuzona.lt\/ru\/wp-json\/wp\/v2\/product\/373897","targetHints":{"allow":["GET"]}}],"collection":[{"href":"https:\/\/irankiuzona.lt\/ru\/wp-json\/wp\/v2\/product"}],"about":[{"href":"https:\/\/irankiuzona.lt\/ru\/wp-json\/wp\/v2\/types\/product"}],"replies":[{"embeddable":true,"href":"https:\/\/irankiuzona.lt\/ru\/wp-json\/wp\/v2\/comments?post=373897"}],"version-history":[{"count":1,"href":"https:\/\/irankiuzona.lt\/ru\/wp-json\/wp\/v2\/product\/373897\/revisions"}],"predecessor-version":[{"id":426027,"href":"https:\/\/irankiuzona.lt\/ru\/wp-json\/wp\/v2\/product\/373897\/revisions\/426027"}],"wp:featuredmedia":[{"embeddable":true,"href":"https:\/\/irankiuzona.lt\/ru\/wp-json\/wp\/v2\/media\/373899"}],"wp:attachment":[{"href":"https:\/\/irankiuzona.lt\/ru\/wp-json\/wp\/v2\/media?parent=373897"}],"wp:term":[{"taxonomy":"product_cat","embeddable":true,"href":"https:\/\/irankiuzona.lt\/ru\/wp-json\/wp\/v2\/product_cat?post=373897"},{"taxonomy":"product_tag","embeddable":true,"href":"https:\/\/irankiuzona.lt\/ru\/wp-json\/wp\/v2\/product_tag?post=373897"}],"curies":[{"name":"wp","href":"https:\/\/api.w.org\/{rel}","templated":true}]}}