{"id":373900,"date":"2025-01-27T16:48:25","date_gmt":"2025-01-27T16:48:25","guid":{"rendered":"https:\/\/irankiuzona.lt\/product\/gultas-vezimelis-po-automobiliu-sustiprintas-dideli-ratai\/"},"modified":"2026-04-17T14:26:22","modified_gmt":"2026-04-17T14:26:22","slug":"gultas-vezimelis-po-automobiliu-sustiprintas-dideli-ratai","status":"publish","type":"product","link":"https:\/\/irankiuzona.lt\/ru\/product\/gultas-vezimelis-po-automobiliu-sustiprintas-dideli-ratai\/","title":{"rendered":"Gultas ve\u017eim\u0117lis po automobiliu sustiprintas, dideli ratai"},"content":{"rendered":"<p>Patvarus pamink\u0161tintas ve\u017eim\u0117lis yra itin komfortabilus naudojant Ve\u017eim\u0117lis yra 920 mm ilgio, tod\u0117l tinka daugumai\u00a0 X r\u0117mo konstrukcija kuri visi\u0161kai pasislepia po pamink\u0161itinimu leis priva\u017eiuoti prie itin nepatogios vietos Dideli 125 mm ratukai, pagaminti i\u0161 kietos TPR sintetin\u0117s gumos, u\u017etikrina geriausi\u0105 savo klas\u0117je mobilum\u0105 Sukurtas ilgaam\u017ei\u0161kumui ir apgalvotai pagamintas i\u0161 lengvai valom\u0173 med\u017eiag\u0173<br \/>\nGaminio matmenys: 920 x 630 x 215 mm Svoris: 10.3 kg\u00a0<\/p>","protected":false},"excerpt":{"rendered":"<p>Patvarus pamink\u0161tintas gultas-ve\u017eim\u0117lis su dideliais 125mm ratais, pagamintais i\u0161 kietos TPR sintetin\u0117s gumos<\/p>","protected":false},"featured_media":373902,"comment_status":"open","ping_status":"open","template":"","meta":[],"product_cat":[9761],"product_tag":[9435],"class_list":{"0":"post-373900","1":"product","2":"type-product","3":"status-publish","4":"has-post-thumbnail","6":"product_brand-kinija","7":"product_cat-mechaniko-gultai-kedutes","8":"product_tag-kinija","10":"first","11":"outofstock","12":"purchasable","13":"product-type-simple"},"jetpack_sharing_enabled":true,"_links":{"self":[{"href":"https:\/\/irankiuzona.lt\/ru\/wp-json\/wp\/v2\/product\/373900","targetHints":{"allow":["GET"]}}],"collection":[{"href":"https:\/\/irankiuzona.lt\/ru\/wp-json\/wp\/v2\/product"}],"about":[{"href":"https:\/\/irankiuzona.lt\/ru\/wp-json\/wp\/v2\/types\/product"}],"replies":[{"embeddable":true,"href":"https:\/\/irankiuzona.lt\/ru\/wp-json\/wp\/v2\/comments?post=373900"}],"version-history":[{"count":1,"href":"https:\/\/irankiuzona.lt\/ru\/wp-json\/wp\/v2\/product\/373900\/revisions"}],"predecessor-version":[{"id":426028,"href":"https:\/\/irankiuzona.lt\/ru\/wp-json\/wp\/v2\/product\/373900\/revisions\/426028"}],"wp:featuredmedia":[{"embeddable":true,"href":"https:\/\/irankiuzona.lt\/ru\/wp-json\/wp\/v2\/media\/373902"}],"wp:attachment":[{"href":"https:\/\/irankiuzona.lt\/ru\/wp-json\/wp\/v2\/media?parent=373900"}],"wp:term":[{"taxonomy":"product_cat","embeddable":true,"href":"https:\/\/irankiuzona.lt\/ru\/wp-json\/wp\/v2\/product_cat?post=373900"},{"taxonomy":"product_tag","embeddable":true,"href":"https:\/\/irankiuzona.lt\/ru\/wp-json\/wp\/v2\/product_tag?post=373900"}],"curies":[{"name":"wp","href":"https:\/\/api.w.org\/{rel}","templated":true}]}}