{"id":373972,"date":"2025-01-27T16:49:32","date_gmt":"2025-01-27T16:49:32","guid":{"rendered":"https:\/\/irankiuzona.lt\/product\/liniuote-variklio-galvu-plokstumai-tikrinti-610mm\/"},"modified":"2026-04-17T09:01:15","modified_gmt":"2026-04-17T09:01:15","slug":"liniuote-variklio-galvu-plokstumai-tikrinti-610mm","status":"publish","type":"product","link":"https:\/\/irankiuzona.lt\/ru\/product\/liniuote-variklio-galvu-plokstumai-tikrinti-610mm\/","title":{"rendered":"Liniuot\u0117 variklio galv\u0173 plok\u0161tumai tikrinti 610mm"},"content":{"rendered":"<p>Plok\u0161\u010di\u0173 pavir\u0161i\u0173 toki\u0173 kaip cilindr\u0173 galvu\u010di\u0173 ar variklio blok\u0173 matavimui.- Ilgis 610 mm,  &#8211; Storis 6 mm,  &#8211; Plotis 50 mm .<\/p>","protected":false},"excerpt":{"rendered":"<p>Liniuot\u0117 varikli\u0173 galv\u0173, plok\u0161tum\u0173 nelygumams tikrinti 610mm x 50mm x 6mm<\/p>","protected":false},"featured_media":373974,"comment_status":"open","ping_status":"open","template":"","meta":[],"product_cat":[9857],"product_tag":[10130],"class_list":{"0":"post-373972","1":"product","2":"type-product","3":"status-publish","4":"has-post-thumbnail","6":"product_brand-satra-lenkija","7":"product_cat-liniuotes-galvu-plokstumai","8":"product_tag-satra-lenkija","10":"first","11":"outofstock","12":"purchasable","13":"product-type-simple"},"jetpack_sharing_enabled":true,"_links":{"self":[{"href":"https:\/\/irankiuzona.lt\/ru\/wp-json\/wp\/v2\/product\/373972","targetHints":{"allow":["GET"]}}],"collection":[{"href":"https:\/\/irankiuzona.lt\/ru\/wp-json\/wp\/v2\/product"}],"about":[{"href":"https:\/\/irankiuzona.lt\/ru\/wp-json\/wp\/v2\/types\/product"}],"replies":[{"embeddable":true,"href":"https:\/\/irankiuzona.lt\/ru\/wp-json\/wp\/v2\/comments?post=373972"}],"version-history":[{"count":1,"href":"https:\/\/irankiuzona.lt\/ru\/wp-json\/wp\/v2\/product\/373972\/revisions"}],"predecessor-version":[{"id":426134,"href":"https:\/\/irankiuzona.lt\/ru\/wp-json\/wp\/v2\/product\/373972\/revisions\/426134"}],"wp:featuredmedia":[{"embeddable":true,"href":"https:\/\/irankiuzona.lt\/ru\/wp-json\/wp\/v2\/media\/373974"}],"wp:attachment":[{"href":"https:\/\/irankiuzona.lt\/ru\/wp-json\/wp\/v2\/media?parent=373972"}],"wp:term":[{"taxonomy":"product_cat","embeddable":true,"href":"https:\/\/irankiuzona.lt\/ru\/wp-json\/wp\/v2\/product_cat?post=373972"},{"taxonomy":"product_tag","embeddable":true,"href":"https:\/\/irankiuzona.lt\/ru\/wp-json\/wp\/v2\/product_tag?post=373972"}],"curies":[{"name":"wp","href":"https:\/\/api.w.org\/{rel}","templated":true}]}}