{"id":373975,"date":"2025-01-27T16:49:38","date_gmt":"2025-01-27T16:49:38","guid":{"rendered":"https:\/\/irankiuzona.lt\/product\/uzluzusiu-sriegikliu-varztu-issukeju-komplektas-m4-m24\/"},"modified":"2026-04-13T13:48:24","modified_gmt":"2026-04-13T13:48:24","slug":"uzluzusiu-sriegikliu-varztu-issukeju-komplektas-m4-m24","status":"publish","type":"product","link":"https:\/\/irankiuzona.lt\/ru\/product\/uzluzusiu-sriegikliu-varztu-issukeju-komplektas-m4-m24\/","title":{"rendered":"U\u017el\u016b\u017eusi\u0173 sriegikli\u0173\/var\u017et\u0173 i\u0161suk\u0117j\u0173 komplektas (M4-M24)"},"content":{"rendered":"<p>Skirta pa\u0161alinti nul\u016b\u017eusius, sur\u016bdijusius, skilusius ar korozijos pa\u017eeistus sriegiklius. M4 \/ 1# M5 \/ 2# M6 \/ 3# M7-8 \/ 4# M9-10 \/ 5# M11-12 \/ 6# M14 \/ 7# M16 \/ 8# M18-20 \/ 9# M22-24 \/ 10#<\/p>","protected":false},"excerpt":{"rendered":"<p>Nulau\u017et\u0173, u\u017el\u016b\u017eusi\u0173 sriegikli\u0173 i\u0161sukimo \u012franki\u0173 komplektas M4-M24<\/p>","protected":false},"featured_media":373977,"comment_status":"open","ping_status":"open","template":"","meta":[],"product_cat":[9557],"product_tag":[9435],"class_list":{"0":"post-373975","1":"product","2":"type-product","3":"status-publish","4":"has-post-thumbnail","6":"product_brand-kinija","7":"product_cat-nulauztu-varztu-issukimo-irankiai","8":"product_tag-kinija","10":"first","11":"instock","12":"purchasable","13":"product-type-simple"},"jetpack_sharing_enabled":true,"_links":{"self":[{"href":"https:\/\/irankiuzona.lt\/ru\/wp-json\/wp\/v2\/product\/373975","targetHints":{"allow":["GET"]}}],"collection":[{"href":"https:\/\/irankiuzona.lt\/ru\/wp-json\/wp\/v2\/product"}],"about":[{"href":"https:\/\/irankiuzona.lt\/ru\/wp-json\/wp\/v2\/types\/product"}],"replies":[{"embeddable":true,"href":"https:\/\/irankiuzona.lt\/ru\/wp-json\/wp\/v2\/comments?post=373975"}],"version-history":[{"count":1,"href":"https:\/\/irankiuzona.lt\/ru\/wp-json\/wp\/v2\/product\/373975\/revisions"}],"predecessor-version":[{"id":426135,"href":"https:\/\/irankiuzona.lt\/ru\/wp-json\/wp\/v2\/product\/373975\/revisions\/426135"}],"wp:featuredmedia":[{"embeddable":true,"href":"https:\/\/irankiuzona.lt\/ru\/wp-json\/wp\/v2\/media\/373977"}],"wp:attachment":[{"href":"https:\/\/irankiuzona.lt\/ru\/wp-json\/wp\/v2\/media?parent=373975"}],"wp:term":[{"taxonomy":"product_cat","embeddable":true,"href":"https:\/\/irankiuzona.lt\/ru\/wp-json\/wp\/v2\/product_cat?post=373975"},{"taxonomy":"product_tag","embeddable":true,"href":"https:\/\/irankiuzona.lt\/ru\/wp-json\/wp\/v2\/product_tag?post=373975"}],"curies":[{"name":"wp","href":"https:\/\/api.w.org\/{rel}","templated":true}]}}