{"id":374042,"date":"2025-02-03T18:04:44","date_gmt":"2025-02-03T18:04:44","guid":{"rendered":"https:\/\/irankiuzona.lt\/product\/sablonas-pasleptiems-sujungimams-6-8-10mm-2\/"},"modified":"2026-04-20T11:16:36","modified_gmt":"2026-04-20T11:16:36","slug":"sablonas-pasleptiems-sujungimams-6-8-10mm-2","status":"publish","type":"product","link":"https:\/\/irankiuzona.lt\/ru\/product\/sablonas-pasleptiems-sujungimams-6-8-10mm-2\/","title":{"rendered":"\u0160ablonas pasl\u0117ptiems sujungimams 6\/8\/10mm"},"content":{"rendered":"<p>Sukurta atlikti tikslias jungtis var\u017etais.Gr\u0119\u017eia skyles 15\u00b0 kampu,Suderinamas su 6, 8 ir 10 mm trinkel\u0117mis,Naudojant ki\u0161tukus, tvirtinimo angos tampa nematomos.Gr\u0119\u017eimo matmenys: 6\/8\/10 mm<\/p>","protected":false},"excerpt":{"rendered":"<p>\u0160ablonas pasl\u0117ptiems sujungimams 6\/8\/10mm<\/p>","protected":false},"featured_media":259840,"comment_status":"open","ping_status":"open","template":"","meta":[],"product_cat":[9847],"product_tag":[9716],"class_list":{"0":"post-374042","1":"product","2":"type-product","3":"status-publish","4":"has-post-thumbnail","6":"product_brand-jufisto-lenkija","7":"product_cat-stovai-laikikliai-grezimo-sablonai","8":"product_tag-jufisto-lenkija","10":"first","11":"instock","12":"purchasable","13":"product-type-simple"},"jetpack_sharing_enabled":true,"_links":{"self":[{"href":"https:\/\/irankiuzona.lt\/ru\/wp-json\/wp\/v2\/product\/374042","targetHints":{"allow":["GET"]}}],"collection":[{"href":"https:\/\/irankiuzona.lt\/ru\/wp-json\/wp\/v2\/product"}],"about":[{"href":"https:\/\/irankiuzona.lt\/ru\/wp-json\/wp\/v2\/types\/product"}],"replies":[{"embeddable":true,"href":"https:\/\/irankiuzona.lt\/ru\/wp-json\/wp\/v2\/comments?post=374042"}],"version-history":[{"count":1,"href":"https:\/\/irankiuzona.lt\/ru\/wp-json\/wp\/v2\/product\/374042\/revisions"}],"predecessor-version":[{"id":421745,"href":"https:\/\/irankiuzona.lt\/ru\/wp-json\/wp\/v2\/product\/374042\/revisions\/421745"}],"wp:featuredmedia":[{"embeddable":true,"href":"https:\/\/irankiuzona.lt\/ru\/wp-json\/wp\/v2\/media\/259840"}],"wp:attachment":[{"href":"https:\/\/irankiuzona.lt\/ru\/wp-json\/wp\/v2\/media?parent=374042"}],"wp:term":[{"taxonomy":"product_cat","embeddable":true,"href":"https:\/\/irankiuzona.lt\/ru\/wp-json\/wp\/v2\/product_cat?post=374042"},{"taxonomy":"product_tag","embeddable":true,"href":"https:\/\/irankiuzona.lt\/ru\/wp-json\/wp\/v2\/product_tag?post=374042"}],"curies":[{"name":"wp","href":"https:\/\/api.w.org\/{rel}","templated":true}]}}