{"id":374244,"date":"2025-02-03T18:48:41","date_gmt":"2025-02-03T18:48:41","guid":{"rendered":"https:\/\/irankiuzona.lt\/product\/hidraulinis-dyzeliniu-purkstuku-istraukimo-komplektas\/"},"modified":"2026-04-16T01:10:38","modified_gmt":"2026-04-16T01:10:38","slug":"hidraulinis-dyzeliniu-purkstuku-istraukimo-komplektas","status":"publish","type":"product","link":"https:\/\/irankiuzona.lt\/ru\/product\/hidraulinis-dyzeliniu-purkstuku-istraukimo-komplektas\/","title":{"rendered":"Hidraulinis dyzelini\u0173 purk\u0161tuk\u0173 i\u0161traukimo komplektas"},"content":{"rendered":"<p>hidraulinis cilindras 17T (su vidiniu sriegiu M16x1,5) ir ver\u017ele M21x1,25Komplekte:\u00a0\u00a0 \u00a0i\u0161traukimo veleno ver\u017el\u0117 M16x1,5;adapteris M14x1,5 (240 mm) i\u0161orinis sriegisadapteris M14x1,5 (315 mm) i\u0161orinis sriegisadapteris M17x1.0 (240 mm) vidinis sriegisadapteris M17x1.0 (315 mm) vidinis sriegisadapteris M18x1,5 (250 mm) vidinis sriegisadapteris M25x1,0 (240 mm) vidinis sriegis<\/p>","protected":false},"excerpt":{"rendered":"<p>Hidraulinis dyzelini\u0173 purk\u0161tuk\u0173 i\u0161traukimo komplektas su adapteriais (M14-M25)<\/p>","protected":false},"featured_media":374246,"comment_status":"open","ping_status":"open","template":"","meta":[],"product_cat":[9701],"product_tag":[10130],"class_list":{"0":"post-374244","1":"product","2":"type-product","3":"status-publish","4":"has-post-thumbnail","6":"product_brand-satra-lenkija","7":"product_cat-purkstuku-istraukimui","8":"product_tag-satra-lenkija","10":"first","11":"instock","12":"purchasable","13":"product-type-simple"},"jetpack_sharing_enabled":true,"_links":{"self":[{"href":"https:\/\/irankiuzona.lt\/ru\/wp-json\/wp\/v2\/product\/374244","targetHints":{"allow":["GET"]}}],"collection":[{"href":"https:\/\/irankiuzona.lt\/ru\/wp-json\/wp\/v2\/product"}],"about":[{"href":"https:\/\/irankiuzona.lt\/ru\/wp-json\/wp\/v2\/types\/product"}],"replies":[{"embeddable":true,"href":"https:\/\/irankiuzona.lt\/ru\/wp-json\/wp\/v2\/comments?post=374244"}],"version-history":[{"count":1,"href":"https:\/\/irankiuzona.lt\/ru\/wp-json\/wp\/v2\/product\/374244\/revisions"}],"predecessor-version":[{"id":426122,"href":"https:\/\/irankiuzona.lt\/ru\/wp-json\/wp\/v2\/product\/374244\/revisions\/426122"}],"wp:featuredmedia":[{"embeddable":true,"href":"https:\/\/irankiuzona.lt\/ru\/wp-json\/wp\/v2\/media\/374246"}],"wp:attachment":[{"href":"https:\/\/irankiuzona.lt\/ru\/wp-json\/wp\/v2\/media?parent=374244"}],"wp:term":[{"taxonomy":"product_cat","embeddable":true,"href":"https:\/\/irankiuzona.lt\/ru\/wp-json\/wp\/v2\/product_cat?post=374244"},{"taxonomy":"product_tag","embeddable":true,"href":"https:\/\/irankiuzona.lt\/ru\/wp-json\/wp\/v2\/product_tag?post=374244"}],"curies":[{"name":"wp","href":"https:\/\/api.w.org\/{rel}","templated":true}]}}