{"id":374250,"date":"2025-02-03T18:48:59","date_gmt":"2025-02-03T18:48:59","guid":{"rendered":"https:\/\/irankiuzona.lt\/product\/ziedines-5mm-kniedes-ispaudziamos-403vnt\/"},"modified":"2026-04-16T04:39:34","modified_gmt":"2026-04-16T04:39:34","slug":"ziedines-5mm-kniedes-ispaudziamos-403vnt","status":"publish","type":"product","link":"https:\/\/irankiuzona.lt\/ru\/product\/ziedines-5mm-kniedes-ispaudziamos-403vnt\/","title":{"rendered":"\u017diedin\u0117s 5mm knied\u0117s \u012fspaud\u017eiamos 403vnt."},"content":{"rendered":"<p>\u012espaud\u017eiamos knied\u0117s: 5mm (\u012fvairi\u0173 spalv\u0173, med\u017eiag\u0173)Tinka med\u017eiagos, kaip: oda, audiniai, tentai.<\/p>","protected":false},"excerpt":{"rendered":"<p>\u017diedini\u0173 \u012fspaud\u017eiam\u0173 knied\u017ei\u0173 5mm komplektas su i\u0161mu\u0161\u0117jais, u\u017efiksavimo \u012frankiais. \u012evairi\u0173 spalv\u0173 komplektas 403 dali\u0173.<\/p>","protected":false},"featured_media":374252,"comment_status":"open","ping_status":"open","template":"","meta":[],"product_cat":[9757],"product_tag":[10131],"class_list":{"0":"post-374250","1":"product","2":"type-product","3":"status-publish","4":"has-post-thumbnail","6":"product_brand-asta-lenkija","7":"product_cat-ziedines-kniedes-reples","8":"product_tag-asta-lenkija","10":"first","11":"instock","12":"purchasable","13":"product-type-simple"},"jetpack_sharing_enabled":true,"_links":{"self":[{"href":"https:\/\/irankiuzona.lt\/ru\/wp-json\/wp\/v2\/product\/374250","targetHints":{"allow":["GET"]}}],"collection":[{"href":"https:\/\/irankiuzona.lt\/ru\/wp-json\/wp\/v2\/product"}],"about":[{"href":"https:\/\/irankiuzona.lt\/ru\/wp-json\/wp\/v2\/types\/product"}],"replies":[{"embeddable":true,"href":"https:\/\/irankiuzona.lt\/ru\/wp-json\/wp\/v2\/comments?post=374250"}],"version-history":[{"count":1,"href":"https:\/\/irankiuzona.lt\/ru\/wp-json\/wp\/v2\/product\/374250\/revisions"}],"predecessor-version":[{"id":426124,"href":"https:\/\/irankiuzona.lt\/ru\/wp-json\/wp\/v2\/product\/374250\/revisions\/426124"}],"wp:featuredmedia":[{"embeddable":true,"href":"https:\/\/irankiuzona.lt\/ru\/wp-json\/wp\/v2\/media\/374252"}],"wp:attachment":[{"href":"https:\/\/irankiuzona.lt\/ru\/wp-json\/wp\/v2\/media?parent=374250"}],"wp:term":[{"taxonomy":"product_cat","embeddable":true,"href":"https:\/\/irankiuzona.lt\/ru\/wp-json\/wp\/v2\/product_cat?post=374250"},{"taxonomy":"product_tag","embeddable":true,"href":"https:\/\/irankiuzona.lt\/ru\/wp-json\/wp\/v2\/product_tag?post=374250"}],"curies":[{"name":"wp","href":"https:\/\/api.w.org\/{rel}","templated":true}]}}