{"id":386167,"date":"2025-02-20T07:45:48","date_gmt":"2025-02-20T07:45:48","guid":{"rendered":"https:\/\/irankiuzona.lt\/product\/atsuktuvas-elektrikui-ph2-x-100-mm-1000v-2\/"},"modified":"2026-04-10T06:22:01","modified_gmt":"2026-04-10T06:22:01","slug":"atsuktuvas-elektrikui-ph2-x-100-mm-1000v-2","status":"publish","type":"product","link":"https:\/\/irankiuzona.lt\/ru\/product\/atsuktuvas-elektrikui-ph2-x-100-mm-1000v-2\/","title":{"rendered":"Atsuktuvas elektrikui PH2 x 100 mm, 1000V"},"content":{"rendered":"<p>. Atitinka EN 60900;. VDE 1000 V sertifikatas;. Pagaminta i\u0161 auk\u0161tos kokyb\u0117s chromo-molibdeno plieno, kuris suteikia papildom\u0105 apsaug\u0105\u012frankio apsauga nuo korozijos;. Patvarus, atsparus deformacijai ir pa\u017eeidimams.<\/p>","protected":false},"excerpt":{"rendered":"<p>Atsuktuvas elektrikui PH2 x 100 mm, 1000V<\/p>","protected":false},"featured_media":239289,"comment_status":"open","ping_status":"open","template":"","meta":[],"product_cat":[9984],"product_tag":[9969],"class_list":{"0":"post-386167","1":"product","2":"type-product","3":"status-publish","4":"has-post-thumbnail","6":"product_brand-hogert-technik-vokietija","7":"product_cat-elektriko-irankiai","8":"product_tag-hogert-technik-vokietija","10":"first","11":"instock","12":"purchasable","13":"product-type-simple"},"jetpack_sharing_enabled":true,"_links":{"self":[{"href":"https:\/\/irankiuzona.lt\/ru\/wp-json\/wp\/v2\/product\/386167","targetHints":{"allow":["GET"]}}],"collection":[{"href":"https:\/\/irankiuzona.lt\/ru\/wp-json\/wp\/v2\/product"}],"about":[{"href":"https:\/\/irankiuzona.lt\/ru\/wp-json\/wp\/v2\/types\/product"}],"replies":[{"embeddable":true,"href":"https:\/\/irankiuzona.lt\/ru\/wp-json\/wp\/v2\/comments?post=386167"}],"version-history":[{"count":1,"href":"https:\/\/irankiuzona.lt\/ru\/wp-json\/wp\/v2\/product\/386167\/revisions"}],"predecessor-version":[{"id":414627,"href":"https:\/\/irankiuzona.lt\/ru\/wp-json\/wp\/v2\/product\/386167\/revisions\/414627"}],"wp:featuredmedia":[{"embeddable":true,"href":"https:\/\/irankiuzona.lt\/ru\/wp-json\/wp\/v2\/media\/239289"}],"wp:attachment":[{"href":"https:\/\/irankiuzona.lt\/ru\/wp-json\/wp\/v2\/media?parent=386167"}],"wp:term":[{"taxonomy":"product_cat","embeddable":true,"href":"https:\/\/irankiuzona.lt\/ru\/wp-json\/wp\/v2\/product_cat?post=386167"},{"taxonomy":"product_tag","embeddable":true,"href":"https:\/\/irankiuzona.lt\/ru\/wp-json\/wp\/v2\/product_tag?post=386167"}],"curies":[{"name":"wp","href":"https:\/\/api.w.org\/{rel}","templated":true}]}}