{"id":386187,"date":"2025-02-20T07:55:24","date_gmt":"2025-02-20T07:55:24","guid":{"rendered":"https:\/\/irankiuzona.lt\/product\/graztas-o4mm-metalui-su-kietmetaliu-2\/"},"modified":"2026-04-12T08:08:48","modified_gmt":"2026-04-12T08:08:48","slug":"graztas-o4mm-metalui-su-kietmetaliu-2","status":"publish","type":"product","link":"https:\/\/irankiuzona.lt\/ru\/product\/graztas-o4mm-metalui-su-kietmetaliu-2\/","title":{"rendered":"Gr\u0105\u017etas \u00d84mm metalui su kietmetaliu"},"content":{"rendered":"<p>Gr\u0105\u017eto diametras &#8211; 4mmIlgis &#8211; 60 mmDarbinis ilgis &#8211; 30 mm<\/p>","protected":false},"excerpt":{"rendered":"<p>Gr\u0105\u017etas metalui su kietmetaliu\u00a0\u00d84\u00a0mm<\/p>","protected":false},"featured_media":242181,"comment_status":"open","ping_status":"open","template":"","meta":[],"product_cat":[9840],"product_tag":[9716],"class_list":{"0":"post-386187","1":"product","2":"type-product","3":"status-publish","4":"has-post-thumbnail","6":"product_brand-jufisto-lenkija","7":"product_cat-graztai-metalui-su-kietmetaliu","8":"product_tag-jufisto-lenkija","10":"first","11":"instock","12":"purchasable","13":"product-type-simple"},"jetpack_sharing_enabled":true,"_links":{"self":[{"href":"https:\/\/irankiuzona.lt\/ru\/wp-json\/wp\/v2\/product\/386187","targetHints":{"allow":["GET"]}}],"collection":[{"href":"https:\/\/irankiuzona.lt\/ru\/wp-json\/wp\/v2\/product"}],"about":[{"href":"https:\/\/irankiuzona.lt\/ru\/wp-json\/wp\/v2\/types\/product"}],"replies":[{"embeddable":true,"href":"https:\/\/irankiuzona.lt\/ru\/wp-json\/wp\/v2\/comments?post=386187"}],"version-history":[{"count":1,"href":"https:\/\/irankiuzona.lt\/ru\/wp-json\/wp\/v2\/product\/386187\/revisions"}],"predecessor-version":[{"id":415512,"href":"https:\/\/irankiuzona.lt\/ru\/wp-json\/wp\/v2\/product\/386187\/revisions\/415512"}],"wp:featuredmedia":[{"embeddable":true,"href":"https:\/\/irankiuzona.lt\/ru\/wp-json\/wp\/v2\/media\/242181"}],"wp:attachment":[{"href":"https:\/\/irankiuzona.lt\/ru\/wp-json\/wp\/v2\/media?parent=386187"}],"wp:term":[{"taxonomy":"product_cat","embeddable":true,"href":"https:\/\/irankiuzona.lt\/ru\/wp-json\/wp\/v2\/product_cat?post=386187"},{"taxonomy":"product_tag","embeddable":true,"href":"https:\/\/irankiuzona.lt\/ru\/wp-json\/wp\/v2\/product_tag?post=386187"}],"curies":[{"name":"wp","href":"https:\/\/api.w.org\/{rel}","templated":true}]}}