{"id":386189,"date":"2025-02-20T07:55:26","date_gmt":"2025-02-20T07:55:26","guid":{"rendered":"https:\/\/irankiuzona.lt\/product\/graztas-o42mm-metalui-su-kietmetaliu-2\/"},"modified":"2026-04-10T08:03:54","modified_gmt":"2026-04-10T08:03:54","slug":"graztas-o42mm-metalui-su-kietmetaliu-2","status":"publish","type":"product","link":"https:\/\/irankiuzona.lt\/ru\/product\/graztas-o42mm-metalui-su-kietmetaliu-2\/","title":{"rendered":"Gr\u0105\u017etas \u00d84,2mm metalui su kietmetaliu"},"content":{"rendered":"<p>Gr\u0105\u017eto diametras &#8211; 4,2 mmIlgis &#8211; 60 mmDarbinis ilgis &#8211; 30 mm<\/p>","protected":false},"excerpt":{"rendered":"<p>Gr\u0105\u017etas metalui su kietmetaliu\u00a0\u00d84,2\u00a0mm<\/p>","protected":false},"featured_media":242184,"comment_status":"open","ping_status":"open","template":"","meta":[],"product_cat":[9840],"product_tag":[9716],"class_list":{"0":"post-386189","1":"product","2":"type-product","3":"status-publish","4":"has-post-thumbnail","6":"product_brand-jufisto-lenkija","7":"product_cat-graztai-metalui-su-kietmetaliu","8":"product_tag-jufisto-lenkija","10":"first","11":"instock","12":"purchasable","13":"product-type-simple"},"jetpack_sharing_enabled":true,"_links":{"self":[{"href":"https:\/\/irankiuzona.lt\/ru\/wp-json\/wp\/v2\/product\/386189","targetHints":{"allow":["GET"]}}],"collection":[{"href":"https:\/\/irankiuzona.lt\/ru\/wp-json\/wp\/v2\/product"}],"about":[{"href":"https:\/\/irankiuzona.lt\/ru\/wp-json\/wp\/v2\/types\/product"}],"replies":[{"embeddable":true,"href":"https:\/\/irankiuzona.lt\/ru\/wp-json\/wp\/v2\/comments?post=386189"}],"version-history":[{"count":1,"href":"https:\/\/irankiuzona.lt\/ru\/wp-json\/wp\/v2\/product\/386189\/revisions"}],"predecessor-version":[{"id":415513,"href":"https:\/\/irankiuzona.lt\/ru\/wp-json\/wp\/v2\/product\/386189\/revisions\/415513"}],"wp:featuredmedia":[{"embeddable":true,"href":"https:\/\/irankiuzona.lt\/ru\/wp-json\/wp\/v2\/media\/242184"}],"wp:attachment":[{"href":"https:\/\/irankiuzona.lt\/ru\/wp-json\/wp\/v2\/media?parent=386189"}],"wp:term":[{"taxonomy":"product_cat","embeddable":true,"href":"https:\/\/irankiuzona.lt\/ru\/wp-json\/wp\/v2\/product_cat?post=386189"},{"taxonomy":"product_tag","embeddable":true,"href":"https:\/\/irankiuzona.lt\/ru\/wp-json\/wp\/v2\/product_tag?post=386189"}],"curies":[{"name":"wp","href":"https:\/\/api.w.org\/{rel}","templated":true}]}}