{"id":386242,"date":"2025-02-20T08:29:38","date_gmt":"2025-02-20T08:29:38","guid":{"rendered":"https:\/\/irankiuzona.lt\/product\/raktu-komplektas-6-32mm-su-deklu-vezimeliui-2\/"},"modified":"2026-04-16T23:44:25","modified_gmt":"2026-04-16T23:44:25","slug":"raktu-komplektas-6-32mm-su-deklu-vezimeliui-2","status":"publish","type":"product","link":"https:\/\/irankiuzona.lt\/ru\/product\/raktu-komplektas-6-32mm-su-deklu-vezimeliui-2\/","title":{"rendered":"Rakt\u0173 komplektas  6-32mm \/ Su d\u0117klu v\u0117\u017eim\u0117liui"},"content":{"rendered":"<p>ver\u017eliarak\u010diai, pagaminti i\u0161 auk\u0161tos kokyb\u0117s chromo-vanad\u017eio legiruoto plieno;<br \/>\npresu suformuota plok\u0161t\u0117 suteikia didesn\u012f atsparum\u0105;<br \/>\nchromuotas pavir\u0161ius su matiniu laku veiksmingai apsaugo nuo r\u016bd\u017ei\u0173, tuo pa\u010diu palengvindamas ver\u017eliarak\u010di\u0173 \u0161varum\u0105;<br \/>\npagaminta pagal Europos standart\u0105 DIN 3110;<br \/>\n15 laipsni\u0173 ver\u017eliarak\u010dio galas \u017eymiai palengvina darb\u0105 sunkiai pasiekiamose vietose;<\/p>","protected":false},"excerpt":{"rendered":"<p>\u012eranki\u0173 spintel\u0117s \u012fd\u0117klas su ver\u017eliarak\u010diais, naudojamais skirting\u0173 form\u0173 ir dyd\u017ei\u0173 ver\u017el\u0117ms ir var\u017etams atlaisvinti ir priver\u017eti.<\/p>","protected":false},"featured_media":249611,"comment_status":"open","ping_status":"open","template":"","meta":[],"product_cat":[9870],"product_tag":[9969],"class_list":{"0":"post-386242","1":"product","2":"type-product","3":"status-publish","4":"has-post-thumbnail","6":"product_brand-hogert-technik-vokietija","7":"product_cat-deklai-i-vezimus-su-irankiais-ir-tusti","8":"product_tag-hogert-technik-vokietija","10":"first","11":"instock","12":"purchasable","13":"product-type-simple"},"jetpack_sharing_enabled":true,"_links":{"self":[{"href":"https:\/\/irankiuzona.lt\/ru\/wp-json\/wp\/v2\/product\/386242","targetHints":{"allow":["GET"]}}],"collection":[{"href":"https:\/\/irankiuzona.lt\/ru\/wp-json\/wp\/v2\/product"}],"about":[{"href":"https:\/\/irankiuzona.lt\/ru\/wp-json\/wp\/v2\/types\/product"}],"replies":[{"embeddable":true,"href":"https:\/\/irankiuzona.lt\/ru\/wp-json\/wp\/v2\/comments?post=386242"}],"version-history":[{"count":1,"href":"https:\/\/irankiuzona.lt\/ru\/wp-json\/wp\/v2\/product\/386242\/revisions"}],"predecessor-version":[{"id":418536,"href":"https:\/\/irankiuzona.lt\/ru\/wp-json\/wp\/v2\/product\/386242\/revisions\/418536"}],"wp:featuredmedia":[{"embeddable":true,"href":"https:\/\/irankiuzona.lt\/ru\/wp-json\/wp\/v2\/media\/249611"}],"wp:attachment":[{"href":"https:\/\/irankiuzona.lt\/ru\/wp-json\/wp\/v2\/media?parent=386242"}],"wp:term":[{"taxonomy":"product_cat","embeddable":true,"href":"https:\/\/irankiuzona.lt\/ru\/wp-json\/wp\/v2\/product_cat?post=386242"},{"taxonomy":"product_tag","embeddable":true,"href":"https:\/\/irankiuzona.lt\/ru\/wp-json\/wp\/v2\/product_tag?post=386242"}],"curies":[{"name":"wp","href":"https:\/\/api.w.org\/{rel}","templated":true}]}}