{"id":386284,"date":"2025-02-20T11:17:36","date_gmt":"2025-02-20T11:17:36","guid":{"rendered":"https:\/\/irankiuzona.lt\/product\/duslintuvo-vamzdzio-pjoviklis-18-95mm\/"},"modified":"2026-04-16T07:13:47","modified_gmt":"2026-04-16T07:13:47","slug":"duslintuvo-vamzdzio-pjoviklis-18-95mm","status":"publish","type":"product","link":"https:\/\/irankiuzona.lt\/ru\/product\/duslintuvo-vamzdzio-pjoviklis-18-95mm\/","title":{"rendered":"Duslintuvo vamzd\u017eio pjoviklis 18-95mm"},"content":{"rendered":"<p>Vamzd\u017ei\u0173 pjoviklis su grandine \/ diametras 18mm-95mm \/ puikiai tinka duslintuv\u0173 pjovimui. Spec reples su grandine duslintuvams pjauti<\/p>","protected":false},"excerpt":{"rendered":"<p>Duslintuvo vamzd\u017eio pjoviklis 18-95mm<\/p>","protected":false},"featured_media":386286,"comment_status":"open","ping_status":"open","template":"","meta":[],"product_cat":[9537],"product_tag":[9435],"class_list":{"0":"post-386284","1":"product","2":"type-product","3":"status-publish","4":"has-post-thumbnail","6":"product_brand-kinija","7":"product_cat-duslintuvo-remontui","8":"product_tag-kinija","10":"first","11":"outofstock","12":"purchasable","13":"product-type-simple"},"jetpack_sharing_enabled":true,"_links":{"self":[{"href":"https:\/\/irankiuzona.lt\/ru\/wp-json\/wp\/v2\/product\/386284","targetHints":{"allow":["GET"]}}],"collection":[{"href":"https:\/\/irankiuzona.lt\/ru\/wp-json\/wp\/v2\/product"}],"about":[{"href":"https:\/\/irankiuzona.lt\/ru\/wp-json\/wp\/v2\/types\/product"}],"replies":[{"embeddable":true,"href":"https:\/\/irankiuzona.lt\/ru\/wp-json\/wp\/v2\/comments?post=386284"}],"version-history":[{"count":1,"href":"https:\/\/irankiuzona.lt\/ru\/wp-json\/wp\/v2\/product\/386284\/revisions"}],"predecessor-version":[{"id":424233,"href":"https:\/\/irankiuzona.lt\/ru\/wp-json\/wp\/v2\/product\/386284\/revisions\/424233"}],"wp:featuredmedia":[{"embeddable":true,"href":"https:\/\/irankiuzona.lt\/ru\/wp-json\/wp\/v2\/media\/386286"}],"wp:attachment":[{"href":"https:\/\/irankiuzona.lt\/ru\/wp-json\/wp\/v2\/media?parent=386284"}],"wp:term":[{"taxonomy":"product_cat","embeddable":true,"href":"https:\/\/irankiuzona.lt\/ru\/wp-json\/wp\/v2\/product_cat?post=386284"},{"taxonomy":"product_tag","embeddable":true,"href":"https:\/\/irankiuzona.lt\/ru\/wp-json\/wp\/v2\/product_tag?post=386284"}],"curies":[{"name":"wp","href":"https:\/\/api.w.org\/{rel}","templated":true}]}}