{"id":386290,"date":"2025-02-20T11:18:03","date_gmt":"2025-02-20T11:18:03","guid":{"rendered":"https:\/\/irankiuzona.lt\/product\/dujine-lempa-1l\/"},"modified":"2026-05-16T22:59:47","modified_gmt":"2026-05-16T22:59:47","slug":"dujine-lempa-1l","status":"publish","type":"product","link":"https:\/\/irankiuzona.lt\/ru\/product\/dujine-lempa-1l\/","title":{"rendered":"Dujin\u0117 lempa 1L"},"content":{"rendered":"<p>Kuro s\u0105naudos &#8211; 1,2L per valand\u0105.<\/p>","protected":false},"excerpt":{"rendered":"<p>Dujin\u0117 lempa 1L<\/p>","protected":false},"featured_media":386292,"comment_status":"open","ping_status":"open","template":"","meta":[],"product_cat":[9788],"product_tag":[10137],"class_list":{"0":"post-386290","1":"product","2":"type-product","3":"status-publish","4":"has-post-thumbnail","6":"product_brand-beril","7":"product_cat-dujiniai-degikliai","8":"product_tag-beril","10":"first","11":"instock","12":"purchasable","13":"product-type-simple"},"jetpack_sharing_enabled":true,"_links":{"self":[{"href":"https:\/\/irankiuzona.lt\/ru\/wp-json\/wp\/v2\/product\/386290","targetHints":{"allow":["GET"]}}],"collection":[{"href":"https:\/\/irankiuzona.lt\/ru\/wp-json\/wp\/v2\/product"}],"about":[{"href":"https:\/\/irankiuzona.lt\/ru\/wp-json\/wp\/v2\/types\/product"}],"replies":[{"embeddable":true,"href":"https:\/\/irankiuzona.lt\/ru\/wp-json\/wp\/v2\/comments?post=386290"}],"version-history":[{"count":1,"href":"https:\/\/irankiuzona.lt\/ru\/wp-json\/wp\/v2\/product\/386290\/revisions"}],"predecessor-version":[{"id":424276,"href":"https:\/\/irankiuzona.lt\/ru\/wp-json\/wp\/v2\/product\/386290\/revisions\/424276"}],"wp:featuredmedia":[{"embeddable":true,"href":"https:\/\/irankiuzona.lt\/ru\/wp-json\/wp\/v2\/media\/386292"}],"wp:attachment":[{"href":"https:\/\/irankiuzona.lt\/ru\/wp-json\/wp\/v2\/media?parent=386290"}],"wp:term":[{"taxonomy":"product_cat","embeddable":true,"href":"https:\/\/irankiuzona.lt\/ru\/wp-json\/wp\/v2\/product_cat?post=386290"},{"taxonomy":"product_tag","embeddable":true,"href":"https:\/\/irankiuzona.lt\/ru\/wp-json\/wp\/v2\/product_tag?post=386290"}],"curies":[{"name":"wp","href":"https:\/\/api.w.org\/{rel}","templated":true}]}}