{"id":386308,"date":"2025-02-20T11:20:25","date_gmt":"2025-02-20T11:20:25","guid":{"rendered":"https:\/\/irankiuzona.lt\/product\/graztas-o68mm-metalui-su-kietmetaliu-2\/"},"modified":"2026-05-09T10:20:39","modified_gmt":"2026-05-09T10:20:39","slug":"graztas-o68mm-metalui-su-kietmetaliu-2","status":"publish","type":"product","link":"https:\/\/irankiuzona.lt\/ru\/product\/graztas-o68mm-metalui-su-kietmetaliu-2\/","title":{"rendered":"Gr\u0105\u017etas \u00d86,8mm metalui su kietmetaliu"},"content":{"rendered":"<p>Gr\u0105\u017eto diametras &#8211; 6,8 mmIlgis &#8211; 85 mmDarbinis ilgis &#8211; 43 mm<\/p>","protected":false},"excerpt":{"rendered":"<p>Gr\u0105\u017etas \u00d86,8mm metalui su kietmetaliu<\/p>","protected":false},"featured_media":268124,"comment_status":"open","ping_status":"open","template":"","meta":[],"product_cat":[9840],"product_tag":[9716],"class_list":{"0":"post-386308","1":"product","2":"type-product","3":"status-publish","4":"has-post-thumbnail","6":"product_brand-jufisto-lenkija","7":"product_cat-graztai-metalui-su-kietmetaliu","8":"product_tag-jufisto-lenkija","10":"first","11":"instock","12":"purchasable","13":"product-type-simple"},"jetpack_sharing_enabled":true,"_links":{"self":[{"href":"https:\/\/irankiuzona.lt\/ru\/wp-json\/wp\/v2\/product\/386308","targetHints":{"allow":["GET"]}}],"collection":[{"href":"https:\/\/irankiuzona.lt\/ru\/wp-json\/wp\/v2\/product"}],"about":[{"href":"https:\/\/irankiuzona.lt\/ru\/wp-json\/wp\/v2\/types\/product"}],"replies":[{"embeddable":true,"href":"https:\/\/irankiuzona.lt\/ru\/wp-json\/wp\/v2\/comments?post=386308"}],"version-history":[{"count":1,"href":"https:\/\/irankiuzona.lt\/ru\/wp-json\/wp\/v2\/product\/386308\/revisions"}],"predecessor-version":[{"id":424522,"href":"https:\/\/irankiuzona.lt\/ru\/wp-json\/wp\/v2\/product\/386308\/revisions\/424522"}],"wp:featuredmedia":[{"embeddable":true,"href":"https:\/\/irankiuzona.lt\/ru\/wp-json\/wp\/v2\/media\/268124"}],"wp:attachment":[{"href":"https:\/\/irankiuzona.lt\/ru\/wp-json\/wp\/v2\/media?parent=386308"}],"wp:term":[{"taxonomy":"product_cat","embeddable":true,"href":"https:\/\/irankiuzona.lt\/ru\/wp-json\/wp\/v2\/product_cat?post=386308"},{"taxonomy":"product_tag","embeddable":true,"href":"https:\/\/irankiuzona.lt\/ru\/wp-json\/wp\/v2\/product_tag?post=386308"}],"curies":[{"name":"wp","href":"https:\/\/api.w.org\/{rel}","templated":true}]}}