{"id":386406,"date":"2025-02-20T11:36:01","date_gmt":"2025-02-20T11:36:01","guid":{"rendered":"https:\/\/irankiuzona.lt\/product\/dirzo-itempejo-terksliniu-raktu-komplektas\/"},"modified":"2026-04-15T09:59:09","modified_gmt":"2026-04-15T09:59:09","slug":"dirzo-itempejo-terksliniu-raktu-komplektas","status":"publish","type":"product","link":"https:\/\/irankiuzona.lt\/ru\/product\/dirzo-itempejo-terksliniu-raktu-komplektas\/","title":{"rendered":"Dir\u017eo \u012ftemp\u0117jo terk\u0161lini\u0173 rakt\u0173 komplektas"},"content":{"rendered":"<p>3\/8&quot; lizdai: 13 mm, 14 mm, 15 mm, 16 mm, 17 mm, 18 mm, 19 mm (ilgis 26 mm)3\/8&quot; special\u016bs plok\u0161ti lizdai: 13 mm, 14 mm, 15 mmatviras ver\u017eliaraktis: 7\/8&quot; x 19 mm3\/8&quot; rankena\/pailginimas: 360 mmadapteriai: 3\/8&quot;, 1\/2&quot;, 3\/4&quot;<\/p>","protected":false},"excerpt":{"rendered":"<p>Dir\u017eo \u012ftemp\u0117jo terk\u0161lini\u0173 rakt\u0173 komplektas<\/p>","protected":false},"featured_media":386408,"comment_status":"open","ping_status":"open","template":"","meta":[],"product_cat":[9554],"product_tag":[10151],"class_list":{"0":"post-386406","1":"product","2":"type-product","3":"status-publish","4":"has-post-thumbnail","6":"product_brand-lenkija-tiekejas","7":"product_cat-irankiai-dirzeliui-dirzo-itempimui","8":"product_tag-lenkija-tiekejas","10":"first","11":"instock","12":"purchasable","13":"product-type-simple"},"jetpack_sharing_enabled":true,"_links":{"self":[{"href":"https:\/\/irankiuzona.lt\/ru\/wp-json\/wp\/v2\/product\/386406","targetHints":{"allow":["GET"]}}],"collection":[{"href":"https:\/\/irankiuzona.lt\/ru\/wp-json\/wp\/v2\/product"}],"about":[{"href":"https:\/\/irankiuzona.lt\/ru\/wp-json\/wp\/v2\/types\/product"}],"replies":[{"embeddable":true,"href":"https:\/\/irankiuzona.lt\/ru\/wp-json\/wp\/v2\/comments?post=386406"}],"version-history":[{"count":1,"href":"https:\/\/irankiuzona.lt\/ru\/wp-json\/wp\/v2\/product\/386406\/revisions"}],"predecessor-version":[{"id":426022,"href":"https:\/\/irankiuzona.lt\/ru\/wp-json\/wp\/v2\/product\/386406\/revisions\/426022"}],"wp:featuredmedia":[{"embeddable":true,"href":"https:\/\/irankiuzona.lt\/ru\/wp-json\/wp\/v2\/media\/386408"}],"wp:attachment":[{"href":"https:\/\/irankiuzona.lt\/ru\/wp-json\/wp\/v2\/media?parent=386406"}],"wp:term":[{"taxonomy":"product_cat","embeddable":true,"href":"https:\/\/irankiuzona.lt\/ru\/wp-json\/wp\/v2\/product_cat?post=386406"},{"taxonomy":"product_tag","embeddable":true,"href":"https:\/\/irankiuzona.lt\/ru\/wp-json\/wp\/v2\/product_tag?post=386406"}],"curies":[{"name":"wp","href":"https:\/\/api.w.org\/{rel}","templated":true}]}}