{"id":386438,"date":"2025-02-20T11:37:11","date_gmt":"2025-02-20T11:37:11","guid":{"rendered":"https:\/\/irankiuzona.lt\/product\/antgalis-spline-1-2-m10x800mm-velenui-vw-audi\/"},"modified":"2026-04-15T09:59:19","modified_gmt":"2026-04-15T09:59:19","slug":"antgalis-spline-1-2-m10x800mm-velenui-vw-audi","status":"publish","type":"product","link":"https:\/\/irankiuzona.lt\/ru\/product\/antgalis-spline-1-2-m10x800mm-velenui-vw-audi\/","title":{"rendered":"Antgalis SPLINE 1\/2 M10x800mm velenui VW\/AUDI"},"content":{"rendered":"<p>Specialiai sukurtas naudoti a\u0161ies velen\u0173 nu\u0117mimui Audi ir Volkswagen automobiliuose<\/p>","protected":false},"excerpt":{"rendered":"<p>1\/2 \u012epresuotas SPLINE M10 antgalis 800mm ilgio. Vag a\u0161ies veleno spec \u012frankis<\/p>","protected":false},"featured_media":386440,"comment_status":"open","ping_status":"open","template":"","meta":[],"product_cat":[9621],"product_tag":[10130],"class_list":{"0":"post-386438","1":"product","2":"type-product","3":"status-publish","4":"has-post-thumbnail","6":"product_brand-satra-lenkija","7":"product_cat-ipresuoti-spline-antgaliai","8":"product_tag-satra-lenkija","10":"first","11":"instock","12":"purchasable","13":"product-type-simple"},"jetpack_sharing_enabled":true,"_links":{"self":[{"href":"https:\/\/irankiuzona.lt\/ru\/wp-json\/wp\/v2\/product\/386438","targetHints":{"allow":["GET"]}}],"collection":[{"href":"https:\/\/irankiuzona.lt\/ru\/wp-json\/wp\/v2\/product"}],"about":[{"href":"https:\/\/irankiuzona.lt\/ru\/wp-json\/wp\/v2\/types\/product"}],"replies":[{"embeddable":true,"href":"https:\/\/irankiuzona.lt\/ru\/wp-json\/wp\/v2\/comments?post=386438"}],"version-history":[{"count":1,"href":"https:\/\/irankiuzona.lt\/ru\/wp-json\/wp\/v2\/product\/386438\/revisions"}],"predecessor-version":[{"id":426121,"href":"https:\/\/irankiuzona.lt\/ru\/wp-json\/wp\/v2\/product\/386438\/revisions\/426121"}],"wp:featuredmedia":[{"embeddable":true,"href":"https:\/\/irankiuzona.lt\/ru\/wp-json\/wp\/v2\/media\/386440"}],"wp:attachment":[{"href":"https:\/\/irankiuzona.lt\/ru\/wp-json\/wp\/v2\/media?parent=386438"}],"wp:term":[{"taxonomy":"product_cat","embeddable":true,"href":"https:\/\/irankiuzona.lt\/ru\/wp-json\/wp\/v2\/product_cat?post=386438"},{"taxonomy":"product_tag","embeddable":true,"href":"https:\/\/irankiuzona.lt\/ru\/wp-json\/wp\/v2\/product_tag?post=386438"}],"curies":[{"name":"wp","href":"https:\/\/api.w.org\/{rel}","templated":true}]}}