{"id":386441,"date":"2025-02-20T11:37:20","date_gmt":"2025-02-20T11:37:20","guid":{"rendered":"https:\/\/irankiuzona.lt\/product\/nitrilines-vienkartines-pirstines-su-tekstura-wussow-s-dydzio-100vnt\/"},"modified":"2026-04-13T17:07:01","modified_gmt":"2026-04-13T17:07:01","slug":"nitrilines-vienkartines-pirstines-su-tekstura-wussow-s-dydzio-100vnt","status":"publish","type":"product","link":"https:\/\/irankiuzona.lt\/ru\/product\/nitrilines-vienkartines-pirstines-su-tekstura-wussow-s-dydzio-100vnt\/","title":{"rendered":"Nitrilin\u0117s vienkartin\u0117s pir\u0161tin\u0117s su tekst\u016bra WUSSOW \/ S dyd\u017eio (100vnt.)"},"content":{"rendered":"<p>med\u017eiaga: nitrilas, be milteli\u0173;atitinka EN ISO 21420, EN ISO 374-1 B tipo, EN ISO 374-5;didelis atsparumas ply\u0161imui;tekst\u016bra: deimantinis ra\u0161tas saugiam sukibimui;atsparumas: chemin\u0117ms med\u017eiagoms;pakuot\u0117: 100 vnt.<\/p>","protected":false},"excerpt":{"rendered":"<p>Nitrilin\u0117s vienkartin\u0117s pir\u0161tin\u0117s su tekst\u016bra WUSSOW \/ S dyd\u017eio (100vnt.)<\/p>","protected":false},"featured_media":386443,"comment_status":"open","ping_status":"open","template":"","meta":[],"product_cat":[9796],"product_tag":[9969],"class_list":{"0":"post-386441","1":"product","2":"type-product","3":"status-publish","4":"has-post-thumbnail","6":"product_brand-hogert-technik-vokietija","7":"product_cat-vienkartines-darbo-pirstines","8":"product_tag-hogert-technik-vokietija","10":"first","11":"instock","12":"purchasable","13":"product-type-simple"},"jetpack_sharing_enabled":true,"_links":{"self":[{"href":"https:\/\/irankiuzona.lt\/ru\/wp-json\/wp\/v2\/product\/386441","targetHints":{"allow":["GET"]}}],"collection":[{"href":"https:\/\/irankiuzona.lt\/ru\/wp-json\/wp\/v2\/product"}],"about":[{"href":"https:\/\/irankiuzona.lt\/ru\/wp-json\/wp\/v2\/types\/product"}],"replies":[{"embeddable":true,"href":"https:\/\/irankiuzona.lt\/ru\/wp-json\/wp\/v2\/comments?post=386441"}],"version-history":[{"count":1,"href":"https:\/\/irankiuzona.lt\/ru\/wp-json\/wp\/v2\/product\/386441\/revisions"}],"predecessor-version":[{"id":426136,"href":"https:\/\/irankiuzona.lt\/ru\/wp-json\/wp\/v2\/product\/386441\/revisions\/426136"}],"wp:featuredmedia":[{"embeddable":true,"href":"https:\/\/irankiuzona.lt\/ru\/wp-json\/wp\/v2\/media\/386443"}],"wp:attachment":[{"href":"https:\/\/irankiuzona.lt\/ru\/wp-json\/wp\/v2\/media?parent=386441"}],"wp:term":[{"taxonomy":"product_cat","embeddable":true,"href":"https:\/\/irankiuzona.lt\/ru\/wp-json\/wp\/v2\/product_cat?post=386441"},{"taxonomy":"product_tag","embeddable":true,"href":"https:\/\/irankiuzona.lt\/ru\/wp-json\/wp\/v2\/product_tag?post=386441"}],"curies":[{"name":"wp","href":"https:\/\/api.w.org\/{rel}","templated":true}]}}