{"id":386444,"date":"2025-02-20T11:37:22","date_gmt":"2025-02-20T11:37:22","guid":{"rendered":"https:\/\/irankiuzona.lt\/product\/dujinis-degiklis-14kw-su-pjezo\/"},"modified":"2026-05-16T21:38:29","modified_gmt":"2026-05-16T21:38:29","slug":"dujinis-degiklis-14kw-su-pjezo","status":"publish","type":"product","link":"https:\/\/irankiuzona.lt\/ru\/product\/dujinis-degiklis-14kw-su-pjezo\/","title":{"rendered":"Dujinis degiklis 1,4KW su pjezo"},"content":{"rendered":"<p>Galia \u2013 1,4 kW;Maks. temperat\u016bra \u2013 1850\u00b0 C;Liepsna \u2013 22 mm;Duj\u0173 tipas \u2013 MAPP;Montavimo anga \u2013 1\u2033\/20 UNEF \/ CGA 600;Pjezo u\u017edegimas \u2013 taipVarini\u0173 vamzd\u017ei\u0173 litavimas \u2013 iki 15 mm skersmens;Kit\u0173 med\u017eiag\u0173 litavimas \u2013 iki 28 mm skersmens.<\/p>","protected":false},"excerpt":{"rendered":"<p>Dujinis degiklis 1,4KW su pjezo<\/p>","protected":false},"featured_media":386446,"comment_status":"open","ping_status":"open","template":"","meta":[],"product_cat":[9788],"product_tag":[9969],"class_list":{"0":"post-386444","1":"product","2":"type-product","3":"status-publish","4":"has-post-thumbnail","6":"product_brand-hogert-technik-vokietija","7":"product_cat-dujiniai-degikliai","8":"product_tag-hogert-technik-vokietija","10":"first","11":"instock","12":"purchasable","13":"product-type-simple"},"jetpack_sharing_enabled":true,"_links":{"self":[{"href":"https:\/\/irankiuzona.lt\/ru\/wp-json\/wp\/v2\/product\/386444","targetHints":{"allow":["GET"]}}],"collection":[{"href":"https:\/\/irankiuzona.lt\/ru\/wp-json\/wp\/v2\/product"}],"about":[{"href":"https:\/\/irankiuzona.lt\/ru\/wp-json\/wp\/v2\/types\/product"}],"replies":[{"embeddable":true,"href":"https:\/\/irankiuzona.lt\/ru\/wp-json\/wp\/v2\/comments?post=386444"}],"version-history":[{"count":1,"href":"https:\/\/irankiuzona.lt\/ru\/wp-json\/wp\/v2\/product\/386444\/revisions"}],"predecessor-version":[{"id":426138,"href":"https:\/\/irankiuzona.lt\/ru\/wp-json\/wp\/v2\/product\/386444\/revisions\/426138"}],"wp:featuredmedia":[{"embeddable":true,"href":"https:\/\/irankiuzona.lt\/ru\/wp-json\/wp\/v2\/media\/386446"}],"wp:attachment":[{"href":"https:\/\/irankiuzona.lt\/ru\/wp-json\/wp\/v2\/media?parent=386444"}],"wp:term":[{"taxonomy":"product_cat","embeddable":true,"href":"https:\/\/irankiuzona.lt\/ru\/wp-json\/wp\/v2\/product_cat?post=386444"},{"taxonomy":"product_tag","embeddable":true,"href":"https:\/\/irankiuzona.lt\/ru\/wp-json\/wp\/v2\/product_tag?post=386444"}],"curies":[{"name":"wp","href":"https:\/\/api.w.org\/{rel}","templated":true}]}}