{"id":386450,"date":"2025-02-20T11:37:25","date_gmt":"2025-02-20T11:37:25","guid":{"rendered":"https:\/\/irankiuzona.lt\/product\/ikraunama-led-lempa-su-trikoju-stovu-7000lm\/"},"modified":"2026-04-13T22:44:46","modified_gmt":"2026-04-13T22:44:46","slug":"ikraunama-led-lempa-su-trikoju-stovu-7000lm","status":"publish","type":"product","link":"https:\/\/irankiuzona.lt\/ru\/product\/ikraunama-led-lempa-su-trikoju-stovu-7000lm\/","title":{"rendered":"\u012ekraunama LED lempa su trikoju stovu 7000lm"},"content":{"rendered":"<p>\u012e komplekt\u0105 \u012feina: pro\u017eektorius + trikojis + krep\u0161ys.FLOODLIGHT:Maks. \u0161viesos srautas \u2013 7000 lm;Pagrindinis \u0161viesos \u0161altinis \u2013 10 W COB LED, 6.500 K;Trys darbo re\u017eimai \u2013 \u0161viesos srautas \/ veikimo laikas:1. 7 000 lms \/ 1,5 h \/ 58 m, 120\u00b0,2. 4 000 lms \/ 3,5 h \/ 25 m, 40\u00b0,3. 1500 lm \/ 7 h \/ 15 m, 120\u00b0,Atsparumo dulk\u0117ms ir vandeniui klas\u0117 \u2013 IP54 (apsauga nuo vandens pursl\u0173 i\u0161 bet kurios pus\u0117s);Maitinimas \u2013 Li-Ion baterija, 2*21.700, 7.4 V, 4.000 mAh;Maks. darbo laikas \u2013 7 val.;Maks. \u012fkrovimo laikas \u2013 7 val.;Galvos pakreipimo reguliavimas \u2013 taip;Tvirtinimas \u2013 magnetai, kablys pakabinimui, 1\/4\u2033 lizdas;\u012ekrovimo prievadas \u2013 USB-C.Galvut\u0117s dydis \u2013 210*100*95mm.TRIKOJAS:auk\u0161tis i\u0161skleistas \u2013 150 cm;auk\u0161tis sulenkus \u2013 60,5 cm;Atstumas tarp pagrindo \u2013 86 cm:tvirtinimo kron\u0161teinas \u2013 1\/4\u2033;med\u017eiaga \u2013 Alu+ABS+PC.<\/p>","protected":false},"excerpt":{"rendered":"<p>\u012ekraunama LED lempa su trikoju stovu 7000lm<\/p>","protected":false},"featured_media":386452,"comment_status":"open","ping_status":"open","template":"","meta":[],"product_cat":[9854],"product_tag":[9969],"class_list":{"0":"post-386450","1":"product","2":"type-product","3":"status-publish","4":"has-post-thumbnail","6":"product_brand-hogert-technik-vokietija","7":"product_cat-lempos-ikraunamos","8":"product_tag-hogert-technik-vokietija","10":"first","11":"instock","12":"purchasable","13":"product-type-simple"},"jetpack_sharing_enabled":true,"_links":{"self":[{"href":"https:\/\/irankiuzona.lt\/ru\/wp-json\/wp\/v2\/product\/386450","targetHints":{"allow":["GET"]}}],"collection":[{"href":"https:\/\/irankiuzona.lt\/ru\/wp-json\/wp\/v2\/product"}],"about":[{"href":"https:\/\/irankiuzona.lt\/ru\/wp-json\/wp\/v2\/types\/product"}],"replies":[{"embeddable":true,"href":"https:\/\/irankiuzona.lt\/ru\/wp-json\/wp\/v2\/comments?post=386450"}],"version-history":[{"count":1,"href":"https:\/\/irankiuzona.lt\/ru\/wp-json\/wp\/v2\/product\/386450\/revisions"}],"predecessor-version":[{"id":426140,"href":"https:\/\/irankiuzona.lt\/ru\/wp-json\/wp\/v2\/product\/386450\/revisions\/426140"}],"wp:featuredmedia":[{"embeddable":true,"href":"https:\/\/irankiuzona.lt\/ru\/wp-json\/wp\/v2\/media\/386452"}],"wp:attachment":[{"href":"https:\/\/irankiuzona.lt\/ru\/wp-json\/wp\/v2\/media?parent=386450"}],"wp:term":[{"taxonomy":"product_cat","embeddable":true,"href":"https:\/\/irankiuzona.lt\/ru\/wp-json\/wp\/v2\/product_cat?post=386450"},{"taxonomy":"product_tag","embeddable":true,"href":"https:\/\/irankiuzona.lt\/ru\/wp-json\/wp\/v2\/product_tag?post=386450"}],"curies":[{"name":"wp","href":"https:\/\/api.w.org\/{rel}","templated":true}]}}