{"id":386459,"date":"2025-02-20T11:37:32","date_gmt":"2025-02-20T11:37:32","guid":{"rendered":"https:\/\/irankiuzona.lt\/product\/dujinis-degiklis-su-antgaliais-323kw-su-pjezo\/"},"modified":"2026-05-16T19:54:07","modified_gmt":"2026-05-16T19:54:07","slug":"dujinis-degiklis-su-antgaliais-323kw-su-pjezo","status":"publish","type":"product","link":"https:\/\/irankiuzona.lt\/ru\/product\/dujinis-degiklis-su-antgaliais-323kw-su-pjezo\/","title":{"rendered":"Dujinis degiklis su antgaliais 3,23KW su pjezo"},"content":{"rendered":"<p>Galia \u2013 3,23 kW;Maks. temperat\u016bra \u2013 1850\u00b0 C;Duj\u0173 tipas \u2013 MAPP;Montavimo anga \u2013 1\u2033\/20 UNEF \/ CGA 600;Pjezo u\u017edegimas \u2013 taip;Apsauginis u\u017eraktas \u2013 taip;Kei\u010diami purk\u0161tukai \u2013 3 (s\u016bkurin\u0117 liepsna, didel\u0117 liepsna ir smulki pie\u0161tuko liepsna).<\/p>","protected":false},"excerpt":{"rendered":"<p>Dujinis degiklis su antgaliais 3,23KW su pjezo<\/p>","protected":false},"featured_media":386461,"comment_status":"open","ping_status":"open","template":"","meta":[],"product_cat":[9788],"product_tag":[9969],"class_list":{"0":"post-386459","1":"product","2":"type-product","3":"status-publish","4":"has-post-thumbnail","6":"product_brand-hogert-technik-vokietija","7":"product_cat-dujiniai-degikliai","8":"product_tag-hogert-technik-vokietija","10":"first","11":"instock","12":"purchasable","13":"product-type-simple"},"jetpack_sharing_enabled":true,"_links":{"self":[{"href":"https:\/\/irankiuzona.lt\/ru\/wp-json\/wp\/v2\/product\/386459","targetHints":{"allow":["GET"]}}],"collection":[{"href":"https:\/\/irankiuzona.lt\/ru\/wp-json\/wp\/v2\/product"}],"about":[{"href":"https:\/\/irankiuzona.lt\/ru\/wp-json\/wp\/v2\/types\/product"}],"replies":[{"embeddable":true,"href":"https:\/\/irankiuzona.lt\/ru\/wp-json\/wp\/v2\/comments?post=386459"}],"version-history":[{"count":1,"href":"https:\/\/irankiuzona.lt\/ru\/wp-json\/wp\/v2\/product\/386459\/revisions"}],"predecessor-version":[{"id":426143,"href":"https:\/\/irankiuzona.lt\/ru\/wp-json\/wp\/v2\/product\/386459\/revisions\/426143"}],"wp:featuredmedia":[{"embeddable":true,"href":"https:\/\/irankiuzona.lt\/ru\/wp-json\/wp\/v2\/media\/386461"}],"wp:attachment":[{"href":"https:\/\/irankiuzona.lt\/ru\/wp-json\/wp\/v2\/media?parent=386459"}],"wp:term":[{"taxonomy":"product_cat","embeddable":true,"href":"https:\/\/irankiuzona.lt\/ru\/wp-json\/wp\/v2\/product_cat?post=386459"},{"taxonomy":"product_tag","embeddable":true,"href":"https:\/\/irankiuzona.lt\/ru\/wp-json\/wp\/v2\/product_tag?post=386459"}],"curies":[{"name":"wp","href":"https:\/\/api.w.org\/{rel}","templated":true}]}}