{"id":386465,"date":"2025-02-20T11:37:34","date_gmt":"2025-02-20T11:37:34","guid":{"rendered":"https:\/\/irankiuzona.lt\/product\/ikraunama-led-darbo-lempa-400lm\/"},"modified":"2026-04-13T17:07:03","modified_gmt":"2026-04-13T17:07:03","slug":"ikraunama-led-darbo-lempa-400lm","status":"publish","type":"product","link":"https:\/\/irankiuzona.lt\/ru\/product\/ikraunama-led-darbo-lempa-400lm\/","title":{"rendered":"\u012ekraunama LED darbo lempa (400lm)"},"content":{"rendered":"<p>Maks. \u0161viesos srautas \u2013 400 lm;Pagrindinis \u0161viesos \u0161altinis \u2013 10 W COB LED, 6.500 K;Papildomas \u0161viesos \u0161altinis \u2013 4 W SMD LED, 6.500 KTrys veikimo re\u017eimai \u2013 \u0161viesos srautas \/ veikimo laikas \/ atstumas \/ kampas:1. 400 lm \/ 3 h \/ 58 m, 120\u00b0,2. 200 lm \/ 5 h \/ 25 m, 40\u00b0,3. 120 lm \/ 9 h \/ 15 m, 120\u00b0,Apsaugos nuo sm\u016bgio klas\u0117 \u2013 IK07 (atitinka 500 g objekto sm\u016bg\u012f i\u0161 40 cm auk\u0161\u010dio);Atsparumo dulk\u0117ms ir vandeniui klas\u0117 \u2013 IP54 (apsauga nuo vandens pursl\u0173 i\u0161 bet kurios pus\u0117s);Maitinimas \u2013 Li-Ion baterija, 2.200 mAh, 3.7 V;\u012ekrovimo laikas \u2013 5 valandos;Galvos pakreipimo reguliavimas \u2013 taip;Darbin\u0117 temperat\u016bra \u2013 nuo \u200b\u200b10\u00b0 iki +40\u00b0C;Tvirtinimas \u2013 magnetas ir kabliukas pakabinimui;\u012ekrovimo prievadas \u2013 USB-C.<\/p>","protected":false},"excerpt":{"rendered":"<p>\u012ekraunama LED darbo lempa (400lm)<\/p>","protected":false},"featured_media":386467,"comment_status":"open","ping_status":"open","template":"","meta":[],"product_cat":[9854],"product_tag":[9969],"class_list":{"0":"post-386465","1":"product","2":"type-product","3":"status-publish","4":"has-post-thumbnail","6":"product_brand-hogert-technik-vokietija","7":"product_cat-lempos-ikraunamos","8":"product_tag-hogert-technik-vokietija","10":"first","11":"instock","12":"purchasable","13":"product-type-simple"},"jetpack_sharing_enabled":true,"_links":{"self":[{"href":"https:\/\/irankiuzona.lt\/ru\/wp-json\/wp\/v2\/product\/386465","targetHints":{"allow":["GET"]}}],"collection":[{"href":"https:\/\/irankiuzona.lt\/ru\/wp-json\/wp\/v2\/product"}],"about":[{"href":"https:\/\/irankiuzona.lt\/ru\/wp-json\/wp\/v2\/types\/product"}],"replies":[{"embeddable":true,"href":"https:\/\/irankiuzona.lt\/ru\/wp-json\/wp\/v2\/comments?post=386465"}],"version-history":[{"count":1,"href":"https:\/\/irankiuzona.lt\/ru\/wp-json\/wp\/v2\/product\/386465\/revisions"}],"predecessor-version":[{"id":426145,"href":"https:\/\/irankiuzona.lt\/ru\/wp-json\/wp\/v2\/product\/386465\/revisions\/426145"}],"wp:featuredmedia":[{"embeddable":true,"href":"https:\/\/irankiuzona.lt\/ru\/wp-json\/wp\/v2\/media\/386467"}],"wp:attachment":[{"href":"https:\/\/irankiuzona.lt\/ru\/wp-json\/wp\/v2\/media?parent=386465"}],"wp:term":[{"taxonomy":"product_cat","embeddable":true,"href":"https:\/\/irankiuzona.lt\/ru\/wp-json\/wp\/v2\/product_cat?post=386465"},{"taxonomy":"product_tag","embeddable":true,"href":"https:\/\/irankiuzona.lt\/ru\/wp-json\/wp\/v2\/product_tag?post=386465"}],"curies":[{"name":"wp","href":"https:\/\/api.w.org\/{rel}","templated":true}]}}