{"id":386471,"date":"2025-02-20T11:37:37","date_gmt":"2025-02-20T11:37:37","guid":{"rendered":"https:\/\/irankiuzona.lt\/product\/sugadintu-varztu-ir-verzliu-atsukimo-komplektas-40vnt\/"},"modified":"2026-04-13T15:54:07","modified_gmt":"2026-04-13T15:54:07","slug":"sugadintu-varztu-ir-verzliu-atsukimo-komplektas-40vnt","status":"publish","type":"product","link":"https:\/\/irankiuzona.lt\/ru\/product\/sugadintu-varztu-ir-verzliu-atsukimo-komplektas-40vnt\/","title":{"rendered":"Sugadint\u0173 var\u017et\u0173 ir ver\u017eli\u0173 atsukimo komplektas 40vnt."},"content":{"rendered":"","protected":false},"excerpt":{"rendered":"<p>Sugadint\u0173 var\u017et\u0173 ir ver\u017eli\u0173 atsukimo komplektas 40vnt.<\/p>","protected":false},"featured_media":386473,"comment_status":"open","ping_status":"closed","template":"","meta":[],"product_cat":[9557],"product_tag":[9435],"class_list":{"0":"post-386471","1":"product","2":"type-product","3":"status-publish","4":"has-post-thumbnail","6":"product_brand-kinija","7":"product_cat-nulauztu-varztu-issukimo-irankiai","8":"product_tag-kinija","10":"first","11":"instock","12":"purchasable","13":"product-type-simple"},"jetpack_sharing_enabled":true,"_links":{"self":[{"href":"https:\/\/irankiuzona.lt\/ru\/wp-json\/wp\/v2\/product\/386471","targetHints":{"allow":["GET"]}}],"collection":[{"href":"https:\/\/irankiuzona.lt\/ru\/wp-json\/wp\/v2\/product"}],"about":[{"href":"https:\/\/irankiuzona.lt\/ru\/wp-json\/wp\/v2\/types\/product"}],"replies":[{"embeddable":true,"href":"https:\/\/irankiuzona.lt\/ru\/wp-json\/wp\/v2\/comments?post=386471"}],"version-history":[{"count":1,"href":"https:\/\/irankiuzona.lt\/ru\/wp-json\/wp\/v2\/product\/386471\/revisions"}],"predecessor-version":[{"id":426148,"href":"https:\/\/irankiuzona.lt\/ru\/wp-json\/wp\/v2\/product\/386471\/revisions\/426148"}],"wp:featuredmedia":[{"embeddable":true,"href":"https:\/\/irankiuzona.lt\/ru\/wp-json\/wp\/v2\/media\/386473"}],"wp:attachment":[{"href":"https:\/\/irankiuzona.lt\/ru\/wp-json\/wp\/v2\/media?parent=386471"}],"wp:term":[{"taxonomy":"product_cat","embeddable":true,"href":"https:\/\/irankiuzona.lt\/ru\/wp-json\/wp\/v2\/product_cat?post=386471"},{"taxonomy":"product_tag","embeddable":true,"href":"https:\/\/irankiuzona.lt\/ru\/wp-json\/wp\/v2\/product_tag?post=386471"}],"curies":[{"name":"wp","href":"https:\/\/api.w.org\/{rel}","templated":true}]}}